{"id":8345,"date":"2022-02-20T13:26:25","date_gmt":"2022-02-20T13:26:25","guid":{"rendered":"https:\/\/coolstyle.ch\/produkt\/linge-de-cuisine-la-cage\/"},"modified":"2022-02-20T13:26:25","modified_gmt":"2022-02-20T13:26:25","slug":"linge-de-cuisine-la-cage","status":"publish","type":"product","link":"https:\/\/coolstyle.ch\/fr\/produkt\/linge-de-cuisine-la-cage\/","title":{"rendered":"Linge de cuisine la cage"},"content":{"rendered":"","protected":false},"excerpt":{"rendered":"<p>Les torchons de cuisine en tissu wax sont tr\u00e8s absorbants et donnent de la couleur \u00e0 toutes les cuisines. Un cadeau id\u00e9al \u00e0 rapporter.<\/p>\n<p>45 x 60 cm<\/p>\n<p>100 % Made for Africa<\/p>\n<div id=\"page\">\n<div class=\"page-container\">\n<div class=\"columns-container clearfix\">\n<div id=\"columns\" class=\"container\">\n<div class=\"row\">\n<div class=\"large-left col-sm-12\">\n<div class=\"row\">\n<div id=\"center_column\" class=\"center_column col-xs-12 col-sm-12\">\n<div class=\"clearfix product-information\">\n<div class=\"tab-content col-sm-9 col-md-9 col-lg-9\">\n<div id=\"product-description-tab-content\" class=\"product-description-tab-content tab-pane active\">\n<div class=\"rte\">\n<p>100 % coton en tissu africain cir\u00e9<\/p>\n<\/div>\n<\/div>\n<\/div>\n<\/div>\n<\/div>\n<\/div>\n<\/div>\n<\/div>\n<\/div>\n<\/div>\n<\/div>\n<\/div>\n","protected":false},"featured_media":7334,"comment_status":"closed","ping_status":"closed","template":"","meta":{"_price":"12","_stock":"","_tribe_ticket_header":"","_tribe_default_ticket_provider":"","_tribe_ticket_capacity":"1","_ticket_start_date":"","_ticket_end_date":"","_tribe_ticket_show_description":"","_tribe_ticket_show_not_going":false,"_tribe_ticket_use_global_stock":"","_tribe_ticket_global_stock_level":"","_global_stock_mode":"","_global_stock_cap":"","_tribe_rsvp_for_event":"","_tribe_ticket_going_count":"","_tribe_ticket_not_going_count":"","_tribe_tickets_list":"[]","_tribe_ticket_has_attendee_info_fields":false,"_tec_slr_enabled":"","_tec_slr_layout":""},"product_brand":[],"product_cat":[510],"product_tag":[347,505,506,504,507],"class_list":{"0":"post-8345","1":"product","2":"type-product","3":"status-publish","4":"has-post-thumbnail","6":"product_cat-linge-de-cuisine","7":"product_tag-afrique","8":"product_tag-cuisine","9":"product_tag-cuisine-fr","10":"product_tag-linge-de-cuisine","11":"product_tag-poisson","13":"first","14":"instock","15":"purchasable","16":"product-type-simple"},"_links":{"self":[{"href":"https:\/\/coolstyle.ch\/fr\/wp-json\/wp\/v2\/product\/8345","targetHints":{"allow":["GET"]}}],"collection":[{"href":"https:\/\/coolstyle.ch\/fr\/wp-json\/wp\/v2\/product"}],"about":[{"href":"https:\/\/coolstyle.ch\/fr\/wp-json\/wp\/v2\/types\/product"}],"replies":[{"embeddable":true,"href":"https:\/\/coolstyle.ch\/fr\/wp-json\/wp\/v2\/comments?post=8345"}],"wp:featuredmedia":[{"embeddable":true,"href":"https:\/\/coolstyle.ch\/fr\/wp-json\/wp\/v2\/media\/7334"}],"wp:attachment":[{"href":"https:\/\/coolstyle.ch\/fr\/wp-json\/wp\/v2\/media?parent=8345"}],"wp:term":[{"taxonomy":"product_brand","embeddable":true,"href":"https:\/\/coolstyle.ch\/fr\/wp-json\/wp\/v2\/product_brand?post=8345"},{"taxonomy":"product_cat","embeddable":true,"href":"https:\/\/coolstyle.ch\/fr\/wp-json\/wp\/v2\/product_cat?post=8345"},{"taxonomy":"product_tag","embeddable":true,"href":"https:\/\/coolstyle.ch\/fr\/wp-json\/wp\/v2\/product_tag?post=8345"}],"curies":[{"name":"wp","href":"https:\/\/api.w.org\/{rel}","templated":true}]}}