{"id":8327,"date":"2022-02-20T16:39:19","date_gmt":"2022-02-20T16:39:19","guid":{"rendered":"https:\/\/coolstyle.ch\/produkt\/tunique-indian-summer\/"},"modified":"2025-10-19T13:25:13","modified_gmt":"2025-10-19T13:25:13","slug":"tunique-indienne-ete","status":"publish","type":"product","link":"https:\/\/coolstyle.ch\/fr\/produkt\/tunique-indienne-ete\/","title":{"rendered":"Tunique indian summer"},"content":{"rendered":"","protected":false},"excerpt":{"rendered":"<p>Taille unie &#8211; Chaque tunique est unique &#8211; 100% Made in Africa. Les v\u00eatements sont cousus par nos couturiers \u00e0 Mbour S\u00e9n\u00e9gal. Les tissus sont sur coton Lego et sont soigneusement s\u00e9lectionn\u00e9s par nos soins. Ils doivent \u00eatre faciles \u00e0 entretenir et faciles \u00e0 porter. L&rsquo;important pour nous est d&rsquo;offrir des perspectives durables \u00e0 nos collaborateurs sur place au S\u00e9n\u00e9gal. Les recettes de nos produits sont imm\u00e9diatement r\u00e9investies dans des projets sur place. Avec votre aide, nous faisons beaucoup de choses sur place.<\/p>\n<p>100 % coton en tissu africain cir\u00e9<\/p>\n","protected":false},"featured_media":7320,"comment_status":"closed","ping_status":"closed","template":"","meta":{"_price":"60","_stock":"","_tribe_ticket_header":"","_tribe_default_ticket_provider":"","_tribe_ticket_capacity":"0","_ticket_start_date":"","_ticket_end_date":"","_tribe_ticket_show_description":"","_tribe_ticket_show_not_going":false,"_tribe_ticket_use_global_stock":"","_tribe_ticket_global_stock_level":"","_global_stock_mode":"","_global_stock_cap":"","_tribe_rsvp_for_event":"","_tribe_ticket_going_count":"","_tribe_ticket_not_going_count":"","_tribe_tickets_list":"[]","_tribe_ticket_has_attendee_info_fields":false,"_tec_slr_enabled":"","_tec_slr_layout":""},"product_brand":[],"product_cat":[570,569],"product_tag":[347,571,517,572,515],"class_list":{"0":"post-8327","1":"product","2":"type-product","3":"status-publish","4":"has-post-thumbnail","6":"product_cat-robes-jupes","7":"product_cat-vetements","8":"product_tag-afrique","9":"product_tag-bohochic-fr","10":"product_tag-partie-superieure","11":"product_tag-robe","12":"product_tag-tissu-de-cire","14":"first","15":"instock","16":"purchasable","17":"product-type-simple"},"_links":{"self":[{"href":"https:\/\/coolstyle.ch\/fr\/wp-json\/wp\/v2\/product\/8327","targetHints":{"allow":["GET"]}}],"collection":[{"href":"https:\/\/coolstyle.ch\/fr\/wp-json\/wp\/v2\/product"}],"about":[{"href":"https:\/\/coolstyle.ch\/fr\/wp-json\/wp\/v2\/types\/product"}],"replies":[{"embeddable":true,"href":"https:\/\/coolstyle.ch\/fr\/wp-json\/wp\/v2\/comments?post=8327"}],"wp:featuredmedia":[{"embeddable":true,"href":"https:\/\/coolstyle.ch\/fr\/wp-json\/wp\/v2\/media\/7320"}],"wp:attachment":[{"href":"https:\/\/coolstyle.ch\/fr\/wp-json\/wp\/v2\/media?parent=8327"}],"wp:term":[{"taxonomy":"product_brand","embeddable":true,"href":"https:\/\/coolstyle.ch\/fr\/wp-json\/wp\/v2\/product_brand?post=8327"},{"taxonomy":"product_cat","embeddable":true,"href":"https:\/\/coolstyle.ch\/fr\/wp-json\/wp\/v2\/product_cat?post=8327"},{"taxonomy":"product_tag","embeddable":true,"href":"https:\/\/coolstyle.ch\/fr\/wp-json\/wp\/v2\/product_tag?post=8327"}],"curies":[{"name":"wp","href":"https:\/\/api.w.org\/{rel}","templated":true}]}}