{"id":8316,"date":"2022-03-13T14:19:12","date_gmt":"2022-03-13T14:19:12","guid":{"rendered":"https:\/\/coolstyle.ch\/produkt\/bracelet-le-ndop\/"},"modified":"2022-03-13T14:19:12","modified_gmt":"2022-03-13T14:19:12","slug":"bracelet-le-ndop","status":"publish","type":"product","link":"https:\/\/coolstyle.ch\/fr\/produkt\/bracelet-le-ndop\/","title":{"rendered":"Bracelet le ndop"},"content":{"rendered":"","protected":false},"excerpt":{"rendered":"<p>Ce bracelet provient des prairies du Cameroun. Le cerceau est recouvert de tissu Ndop. Il s&rsquo;agit d&rsquo;un tissu traditionnel fabriqu\u00e9 \u00e0 la main par les Bamil\u00e9k\u00e9s dans les villages du Grassland. Le ndop est utilis\u00e9 lors des c\u00e9r\u00e9monies royales.<\/p>\n","protected":false},"featured_media":7394,"comment_status":"closed","ping_status":"closed","template":"","meta":{"_price":"30","_stock":"","_tribe_ticket_header":"","_tribe_default_ticket_provider":"","_tribe_ticket_capacity":"0","_ticket_start_date":"","_ticket_end_date":"","_tribe_ticket_show_description":"","_tribe_ticket_show_not_going":false,"_tribe_ticket_use_global_stock":"","_tribe_ticket_global_stock_level":"","_global_stock_mode":"","_global_stock_cap":"","_tribe_rsvp_for_event":"","_tribe_ticket_going_count":"","_tribe_ticket_not_going_count":"","_tribe_tickets_list":"[]","_tribe_ticket_has_attendee_info_fields":false,"_tec_slr_enabled":"","_tec_slr_layout":""},"product_brand":[],"product_cat":[562],"product_tag":[347,557,349],"class_list":{"0":"post-8316","1":"product","2":"type-product","3":"status-publish","4":"has-post-thumbnail","6":"product_cat-bracelets","7":"product_tag-afrique","8":"product_tag-bijoux","9":"product_tag-bracelet-fr","10":"product_shipping_class-petits-produits","12":"first","13":"instock","14":"purchasable","15":"product-type-simple"},"_links":{"self":[{"href":"https:\/\/coolstyle.ch\/fr\/wp-json\/wp\/v2\/product\/8316","targetHints":{"allow":["GET"]}}],"collection":[{"href":"https:\/\/coolstyle.ch\/fr\/wp-json\/wp\/v2\/product"}],"about":[{"href":"https:\/\/coolstyle.ch\/fr\/wp-json\/wp\/v2\/types\/product"}],"replies":[{"embeddable":true,"href":"https:\/\/coolstyle.ch\/fr\/wp-json\/wp\/v2\/comments?post=8316"}],"wp:featuredmedia":[{"embeddable":true,"href":"https:\/\/coolstyle.ch\/fr\/wp-json\/wp\/v2\/media\/7394"}],"wp:attachment":[{"href":"https:\/\/coolstyle.ch\/fr\/wp-json\/wp\/v2\/media?parent=8316"}],"wp:term":[{"taxonomy":"product_brand","embeddable":true,"href":"https:\/\/coolstyle.ch\/fr\/wp-json\/wp\/v2\/product_brand?post=8316"},{"taxonomy":"product_cat","embeddable":true,"href":"https:\/\/coolstyle.ch\/fr\/wp-json\/wp\/v2\/product_cat?post=8316"},{"taxonomy":"product_tag","embeddable":true,"href":"https:\/\/coolstyle.ch\/fr\/wp-json\/wp\/v2\/product_tag?post=8316"}],"curies":[{"name":"wp","href":"https:\/\/api.w.org\/{rel}","templated":true}]}}