{"id":8300,"date":"2022-03-13T14:41:50","date_gmt":"2022-03-13T14:41:50","guid":{"rendered":"https:\/\/coolstyle.ch\/produkt\/bracelet-chaine-du-roi-bleu-rouge\/"},"modified":"2022-03-13T14:41:50","modified_gmt":"2022-03-13T14:41:50","slug":"bracelet-coeur-bleu-rouge","status":"publish","type":"product","link":"https:\/\/coolstyle.ch\/fr\/produkt\/bracelet-coeur-bleu-rouge\/","title":{"rendered":"Bracelet cha\u00eene du roi bleu\/rouge"},"content":{"rendered":"","protected":false},"excerpt":{"rendered":"<p>Ce bracelet vient du Cameroun. Il peut tr\u00e8s bien \u00eatre port\u00e9 par les hommes et les femmes.<\/p>\n","protected":false},"featured_media":7402,"comment_status":"closed","ping_status":"closed","template":"","meta":{"_price":"15","_stock":"","_tribe_ticket_header":"","_tribe_default_ticket_provider":"","_tribe_ticket_capacity":"0","_ticket_start_date":"","_ticket_end_date":"","_tribe_ticket_show_description":"","_tribe_ticket_show_not_going":false,"_tribe_ticket_use_global_stock":"","_tribe_ticket_global_stock_level":"","_global_stock_mode":"","_global_stock_cap":"","_tribe_rsvp_for_event":"","_tribe_ticket_going_count":"","_tribe_ticket_not_going_count":"","_tribe_tickets_list":"[]","_tribe_ticket_has_attendee_info_fields":false,"_tec_slr_enabled":"","_tec_slr_layout":""},"product_brand":[],"product_cat":[562],"product_tag":[347,557,349],"class_list":{"0":"post-8300","1":"product","2":"type-product","3":"status-publish","4":"has-post-thumbnail","6":"product_cat-bracelets","7":"product_tag-afrique","8":"product_tag-bijoux","9":"product_tag-bracelet-fr","10":"product_shipping_class-petits-produits","12":"first","13":"instock","14":"purchasable","15":"product-type-simple"},"_links":{"self":[{"href":"https:\/\/coolstyle.ch\/fr\/wp-json\/wp\/v2\/product\/8300","targetHints":{"allow":["GET"]}}],"collection":[{"href":"https:\/\/coolstyle.ch\/fr\/wp-json\/wp\/v2\/product"}],"about":[{"href":"https:\/\/coolstyle.ch\/fr\/wp-json\/wp\/v2\/types\/product"}],"replies":[{"embeddable":true,"href":"https:\/\/coolstyle.ch\/fr\/wp-json\/wp\/v2\/comments?post=8300"}],"wp:featuredmedia":[{"embeddable":true,"href":"https:\/\/coolstyle.ch\/fr\/wp-json\/wp\/v2\/media\/7402"}],"wp:attachment":[{"href":"https:\/\/coolstyle.ch\/fr\/wp-json\/wp\/v2\/media?parent=8300"}],"wp:term":[{"taxonomy":"product_brand","embeddable":true,"href":"https:\/\/coolstyle.ch\/fr\/wp-json\/wp\/v2\/product_brand?post=8300"},{"taxonomy":"product_cat","embeddable":true,"href":"https:\/\/coolstyle.ch\/fr\/wp-json\/wp\/v2\/product_cat?post=8300"},{"taxonomy":"product_tag","embeddable":true,"href":"https:\/\/coolstyle.ch\/fr\/wp-json\/wp\/v2\/product_tag?post=8300"}],"curies":[{"name":"wp","href":"https:\/\/api.w.org\/{rel}","templated":true}]}}