{"id":8284,"date":"2022-03-13T16:15:39","date_gmt":"2022-03-13T16:15:39","guid":{"rendered":"https:\/\/coolstyle.ch\/produkt\/collier-stone-wonder\/"},"modified":"2025-10-19T13:22:24","modified_gmt":"2025-10-19T13:22:24","slug":"collier-stone-wonder","status":"publish","type":"product","link":"https:\/\/coolstyle.ch\/fr\/produkt\/collier-stone-wonder\/","title":{"rendered":"Collier stone wonder"},"content":{"rendered":"","protected":false},"excerpt":{"rendered":"<p>Mark Damon Harvey, sous le nom de Damon Mark, est un artiste qui s&rsquo;int\u00e9resse aux m\u00e9dias mixtes. En font partie : Musique, pays, art, design de texte, design graphique, design textile, artisanat d&rsquo;art et objets forts. Il collectionne depuis 30 ans des perles du monde entier, avec un accent particulier sur l&rsquo;Afrique. Beaucoup d&rsquo;entre elles sont rares ou difficiles \u00e0 trouver. Les compositions de ses cha\u00eenes ont \u00e9t\u00e9 initialement motiv\u00e9es par des projets de design textile, ce qui explique en partie pourquoi elles se combinent si bien avec diff\u00e9rents types de v\u00eatements. La plupart des perles proviennent d&rsquo;Afrique de l&rsquo;Ouest, mais il existe \u00e9galement un grand choix de perles d&rsquo;Am\u00e9rique du Sud, du Pacifique Sud, d&rsquo;Asie de l&rsquo;Est et d&rsquo;Inde, pour n&rsquo;en citer que quelques-unes. La qualit\u00e9 des mat\u00e9riaux est \u00e9lev\u00e9e et les combinaisons de couleurs sont hypnotisantes.<\/p>\n<p>&nbsp;<\/p>\n","protected":false},"featured_media":7434,"comment_status":"closed","ping_status":"closed","template":"","meta":{"_price":"100","_stock":"","_tribe_ticket_header":"","_tribe_default_ticket_provider":"","_tribe_ticket_capacity":"0","_ticket_start_date":"","_ticket_end_date":"","_tribe_ticket_show_description":"","_tribe_ticket_show_not_going":false,"_tribe_ticket_use_global_stock":"","_tribe_ticket_global_stock_level":"","_global_stock_mode":"","_global_stock_cap":"","_tribe_rsvp_for_event":"","_tribe_ticket_going_count":"","_tribe_ticket_not_going_count":"","_tribe_tickets_list":"[]","_tribe_ticket_has_attendee_info_fields":false,"_tec_slr_enabled":"","_tec_slr_layout":""},"product_brand":[],"product_cat":[560],"product_tag":[347,357,557,558,559],"class_list":{"0":"post-8284","1":"product","2":"type-product","3":"status-publish","4":"has-post-thumbnail","6":"product_cat-special-damon-mark","7":"product_tag-afrique","8":"product_tag-bayfall-fr","9":"product_tag-bijoux","10":"product_tag-collier","11":"product_tag-cuir","12":"product_shipping_class-petits-produits","14":"first","15":"instock","16":"purchasable","17":"product-type-simple"},"_links":{"self":[{"href":"https:\/\/coolstyle.ch\/fr\/wp-json\/wp\/v2\/product\/8284","targetHints":{"allow":["GET"]}}],"collection":[{"href":"https:\/\/coolstyle.ch\/fr\/wp-json\/wp\/v2\/product"}],"about":[{"href":"https:\/\/coolstyle.ch\/fr\/wp-json\/wp\/v2\/types\/product"}],"replies":[{"embeddable":true,"href":"https:\/\/coolstyle.ch\/fr\/wp-json\/wp\/v2\/comments?post=8284"}],"wp:featuredmedia":[{"embeddable":true,"href":"https:\/\/coolstyle.ch\/fr\/wp-json\/wp\/v2\/media\/7434"}],"wp:attachment":[{"href":"https:\/\/coolstyle.ch\/fr\/wp-json\/wp\/v2\/media?parent=8284"}],"wp:term":[{"taxonomy":"product_brand","embeddable":true,"href":"https:\/\/coolstyle.ch\/fr\/wp-json\/wp\/v2\/product_brand?post=8284"},{"taxonomy":"product_cat","embeddable":true,"href":"https:\/\/coolstyle.ch\/fr\/wp-json\/wp\/v2\/product_cat?post=8284"},{"taxonomy":"product_tag","embeddable":true,"href":"https:\/\/coolstyle.ch\/fr\/wp-json\/wp\/v2\/product_tag?post=8284"}],"curies":[{"name":"wp","href":"https:\/\/api.w.org\/{rel}","templated":true}]}}