{"id":8159,"date":"2022-06-30T15:58:01","date_gmt":"2022-06-30T15:58:01","guid":{"rendered":"https:\/\/coolstyle.ch\/produkt\/chaussettes-afrique-out-in-the-green-low\/"},"modified":"2025-10-19T13:16:19","modified_gmt":"2025-10-19T13:16:19","slug":"chaussettes-afrique-low-out-in-the-green","status":"publish","type":"product","link":"https:\/\/coolstyle.ch\/fr\/produkt\/chaussettes-afrique-low-out-in-the-green\/","title":{"rendered":"Chaussettes Afrique out in the green low"},"content":{"rendered":"","protected":false},"excerpt":{"rendered":"<p>&nbsp;<\/p>\n<hr>\n<p>Les chaussettes ont \u00e9t\u00e9 cr\u00e9\u00e9es pour la star de basket-ball de la famille. Ils te poussent \u00e0 donner le meilleur de toi-m\u00eame.<\/p>\n<p>Doux et super confortable.<\/p>\n","protected":false},"featured_media":7623,"comment_status":"closed","ping_status":"closed","template":"","meta":{"_price":"12","_stock":"","_tribe_ticket_header":"","_tribe_default_ticket_provider":"","_tribe_ticket_capacity":"3","_ticket_start_date":"","_ticket_end_date":"","_tribe_ticket_show_description":"","_tribe_ticket_show_not_going":false,"_tribe_ticket_use_global_stock":"","_tribe_ticket_global_stock_level":"","_global_stock_mode":"","_global_stock_cap":"","_tribe_rsvp_for_event":"","_tribe_ticket_going_count":"","_tribe_ticket_not_going_count":"","_tribe_tickets_list":"[]","_tribe_ticket_has_attendee_info_fields":false,"_tec_slr_enabled":"","_tec_slr_layout":""},"product_brand":[],"product_cat":[533,416],"product_tag":[347,539,355,537,538,540],"class_list":{"0":"post-8159","1":"product","2":"type-product","3":"status-publish","4":"has-post-thumbnail","6":"product_cat-chaussettes","7":"product_cat-hoodies-t-shirt-fr","8":"product_tag-afrique","9":"product_tag-balle","10":"product_tag-basketball-fr","11":"product_tag-chaussettes","12":"product_tag-chaussettes-fr","13":"product_tag-star-fr","14":"product_shipping_class-petits-produits","16":"first","17":"instock","18":"featured","19":"purchasable","20":"product-type-variable"},"_links":{"self":[{"href":"https:\/\/coolstyle.ch\/fr\/wp-json\/wp\/v2\/product\/8159","targetHints":{"allow":["GET"]}}],"collection":[{"href":"https:\/\/coolstyle.ch\/fr\/wp-json\/wp\/v2\/product"}],"about":[{"href":"https:\/\/coolstyle.ch\/fr\/wp-json\/wp\/v2\/types\/product"}],"replies":[{"embeddable":true,"href":"https:\/\/coolstyle.ch\/fr\/wp-json\/wp\/v2\/comments?post=8159"}],"wp:featuredmedia":[{"embeddable":true,"href":"https:\/\/coolstyle.ch\/fr\/wp-json\/wp\/v2\/media\/7623"}],"wp:attachment":[{"href":"https:\/\/coolstyle.ch\/fr\/wp-json\/wp\/v2\/media?parent=8159"}],"wp:term":[{"taxonomy":"product_brand","embeddable":true,"href":"https:\/\/coolstyle.ch\/fr\/wp-json\/wp\/v2\/product_brand?post=8159"},{"taxonomy":"product_cat","embeddable":true,"href":"https:\/\/coolstyle.ch\/fr\/wp-json\/wp\/v2\/product_cat?post=8159"},{"taxonomy":"product_tag","embeddable":true,"href":"https:\/\/coolstyle.ch\/fr\/wp-json\/wp\/v2\/product_tag?post=8159"}],"curies":[{"name":"wp","href":"https:\/\/api.w.org\/{rel}","templated":true}]}}