{"id":8034,"date":"2022-11-02T20:39:11","date_gmt":"2022-11-02T20:39:11","guid":{"rendered":"https:\/\/coolstyle.ch\/produkt\/porte-cles-birdy\/"},"modified":"2022-11-02T20:39:11","modified_gmt":"2022-11-02T20:39:11","slug":"porte-cles-birdy","status":"publish","type":"product","link":"https:\/\/coolstyle.ch\/fr\/produkt\/porte-cles-birdy\/","title":{"rendered":"Porte-cl\u00e9s birdy"},"content":{"rendered":"<p>&nbsp;<\/p>\n<p>&nbsp;<\/p>\n","protected":false},"excerpt":{"rendered":"<p>Ce porte-cl\u00e9s a \u00e9t\u00e9 produit sp\u00e9cialement pour toi \u00e0 Mbour. Id\u00e9al si tu veux toujours avoir l'\u00a0\u00bbafrican spirit\u00a0\u00bb avec toi.<\/p>\n","protected":false},"featured_media":7819,"comment_status":"closed","ping_status":"closed","template":"","meta":{"_price":"20","_stock":"","_tribe_ticket_header":"","_tribe_default_ticket_provider":"","_tribe_ticket_capacity":"3","_ticket_start_date":"","_ticket_end_date":"","_tribe_ticket_show_description":"","_tribe_ticket_show_not_going":false,"_tribe_ticket_use_global_stock":"","_tribe_ticket_global_stock_level":"","_global_stock_mode":"","_global_stock_cap":"","_tribe_rsvp_for_event":"","_tribe_ticket_going_count":"","_tribe_ticket_not_going_count":"","_tribe_tickets_list":"[]","_tribe_ticket_has_attendee_info_fields":false,"_tec_slr_enabled":"","_tec_slr_layout":""},"product_brand":[],"product_cat":[381],"product_tag":[347,485,486,484,483],"class_list":{"0":"post-8034","1":"product","2":"type-product","3":"status-publish","4":"has-post-thumbnail","6":"product_cat-porte-clef","7":"product_tag-afrique","8":"product_tag-keyring-fr","9":"product_tag-porte-clef-fr","10":"product_tag-porte-cles-fr","11":"product_tag-porte-cles","12":"product_shipping_class-petits-produits","14":"first","15":"instock","16":"purchasable","17":"product-type-simple"},"_links":{"self":[{"href":"https:\/\/coolstyle.ch\/fr\/wp-json\/wp\/v2\/product\/8034","targetHints":{"allow":["GET"]}}],"collection":[{"href":"https:\/\/coolstyle.ch\/fr\/wp-json\/wp\/v2\/product"}],"about":[{"href":"https:\/\/coolstyle.ch\/fr\/wp-json\/wp\/v2\/types\/product"}],"replies":[{"embeddable":true,"href":"https:\/\/coolstyle.ch\/fr\/wp-json\/wp\/v2\/comments?post=8034"}],"wp:featuredmedia":[{"embeddable":true,"href":"https:\/\/coolstyle.ch\/fr\/wp-json\/wp\/v2\/media\/7819"}],"wp:attachment":[{"href":"https:\/\/coolstyle.ch\/fr\/wp-json\/wp\/v2\/media?parent=8034"}],"wp:term":[{"taxonomy":"product_brand","embeddable":true,"href":"https:\/\/coolstyle.ch\/fr\/wp-json\/wp\/v2\/product_brand?post=8034"},{"taxonomy":"product_cat","embeddable":true,"href":"https:\/\/coolstyle.ch\/fr\/wp-json\/wp\/v2\/product_cat?post=8034"},{"taxonomy":"product_tag","embeddable":true,"href":"https:\/\/coolstyle.ch\/fr\/wp-json\/wp\/v2\/product_tag?post=8034"}],"curies":[{"name":"wp","href":"https:\/\/api.w.org\/{rel}","templated":true}]}}