{"id":8020,"date":"2022-11-03T14:58:35","date_gmt":"2022-11-03T14:58:35","guid":{"rendered":"https:\/\/coolstyle.ch\/produkt\/shopper-big-blue-line-circles\/"},"modified":"2022-11-03T14:58:35","modified_gmt":"2022-11-03T14:58:35","slug":"shopper-big-blue-line-circles","status":"publish","type":"product","link":"https:\/\/coolstyle.ch\/fr\/produkt\/shopper-big-blue-line-circles\/","title":{"rendered":"Shopper big blue line circles"},"content":{"rendered":"<p class=\"wpcf7-contact-form-not-found\"><strong>Erreur\u00a0:<\/strong> Formulaire de contact non trouv\u00e9\u00a0!<\/p>\n","protected":false},"excerpt":{"rendered":"<p>Chaque sac est unique et a \u00e9t\u00e9 fabriqu\u00e9 \u00e0 la main au S\u00e9n\u00e9gal.<\/p>\n<p>Un sac Coop PET original a \u00e9t\u00e9 cousu dans chaque sac. C&rsquo;est pourquoi vous pouvez faire vos courses \u00e0 volont\u00e9 avec ce sac. Le sac r\u00e9siste \u00e9galement \u00e0 un poids plus important.<\/p>\n","protected":false},"featured_media":7839,"comment_status":"closed","ping_status":"closed","template":"","meta":{"_price":"60","_stock":"","_tribe_ticket_header":"","_tribe_default_ticket_provider":"","_tribe_ticket_capacity":"0","_ticket_start_date":"","_ticket_end_date":"","_tribe_ticket_show_description":"","_tribe_ticket_show_not_going":false,"_tribe_ticket_use_global_stock":"","_tribe_ticket_global_stock_level":"","_global_stock_mode":"","_global_stock_cap":"","_tribe_rsvp_for_event":"","_tribe_ticket_going_count":"","_tribe_ticket_not_going_count":"","_tribe_tickets_list":"[]","_tribe_ticket_has_attendee_info_fields":false,"_tec_slr_enabled":"","_tec_slr_layout":""},"product_brand":[],"product_cat":[15],"product_tag":[],"class_list":{"0":"post-8020","1":"product","2":"type-product","3":"status-publish","4":"has-post-thumbnail","6":"product_cat-gewuerze-divers","8":"first","9":"instock","10":"purchasable","11":"product-type-simple"},"_links":{"self":[{"href":"https:\/\/coolstyle.ch\/fr\/wp-json\/wp\/v2\/product\/8020","targetHints":{"allow":["GET"]}}],"collection":[{"href":"https:\/\/coolstyle.ch\/fr\/wp-json\/wp\/v2\/product"}],"about":[{"href":"https:\/\/coolstyle.ch\/fr\/wp-json\/wp\/v2\/types\/product"}],"replies":[{"embeddable":true,"href":"https:\/\/coolstyle.ch\/fr\/wp-json\/wp\/v2\/comments?post=8020"}],"wp:featuredmedia":[{"embeddable":true,"href":"https:\/\/coolstyle.ch\/fr\/wp-json\/wp\/v2\/media\/7839"}],"wp:attachment":[{"href":"https:\/\/coolstyle.ch\/fr\/wp-json\/wp\/v2\/media?parent=8020"}],"wp:term":[{"taxonomy":"product_brand","embeddable":true,"href":"https:\/\/coolstyle.ch\/fr\/wp-json\/wp\/v2\/product_brand?post=8020"},{"taxonomy":"product_cat","embeddable":true,"href":"https:\/\/coolstyle.ch\/fr\/wp-json\/wp\/v2\/product_cat?post=8020"},{"taxonomy":"product_tag","embeddable":true,"href":"https:\/\/coolstyle.ch\/fr\/wp-json\/wp\/v2\/product_tag?post=8020"}],"curies":[{"name":"wp","href":"https:\/\/api.w.org\/{rel}","templated":true}]}}