{"id":18681,"date":"2026-01-27T19:46:27","date_gmt":"2026-01-27T19:46:27","guid":{"rendered":"https:\/\/coolstyle.ch\/produkt\/coolstyle-black-top-grey-unisexe-one-size\/"},"modified":"2026-01-27T19:46:27","modified_gmt":"2026-01-27T19:46:27","slug":"coolstyle-black-top-grey-unisexe-one-size","status":"publish","type":"product","link":"https:\/\/coolstyle.ch\/fr\/produkt\/coolstyle-black-top-grey-unisexe-one-size\/","title":{"rendered":"Coolstyle black Top grey- Unisexe one size"},"content":{"rendered":"<p data-start=\"91\" data-end=\"253\">D\u00e9bardeur en coton l\u00e9ger fabriqu\u00e9 \u00e0 partir de batik artisanal s\u00e9n\u00e9galais. Agr\u00e9able \u00e0 porter, respirant et polyvalent pour le quotidien, les loisirs et les looks cr\u00e9atifs.<\/p>\n<p data-start=\"255\" data-end=\"459\"><strong data-start=\"255\" data-end=\"267\">D\u00e9tails :<\/strong><br \/>\n&#8211; Tissu batik teint \u00e0 la main au S\u00e9n\u00e9gal<br data-start=\"306\" data-end=\"309\">&#8211; 100 % coton<br data-start=\"326\" data-end=\"329\">&#8211; Coupe d\u00e9contract\u00e9e<br data-start=\"347\" data-end=\"350\" data-is-only-node=\"\">&#8211; Unisexe<br data-start=\"358\" data-end=\"361\">&#8211; Entretien : 30 \u00b0C lavage d\u00e9licat<br data-start=\"388\" data-end=\"391\">&#8211; Chaque pi\u00e8ce est unique gr\u00e2ce \u00e0 la structure individuelle des couleurs et des motifs.<\/p>\n<p data-start=\"461\" data-end=\"529\" data-is-last-node=\"\" data-is-only-node=\"\">Pour tous ceux qui aiment l&rsquo;artisanat authentique et le style expressif.<\/p>\n","protected":false},"excerpt":{"rendered":"<p>D\u00e9bardeur en coton l\u00e9ger fabriqu\u00e9 \u00e0 partir de batik artisanal s\u00e9n\u00e9galais. Agr\u00e9able \u00e0 porter, respirant et polyvalent pour le quotidien, les loisirs et les looks cr\u00e9atifs. D\u00e9tails : &#8211; Tissu [&#8230;]\n","protected":false},"featured_media":18682,"comment_status":"closed","ping_status":"closed","template":"","meta":{"_price":"98","_stock":"","_tribe_ticket_header":"","_tribe_default_ticket_provider":"","_tribe_ticket_capacity":"","_ticket_start_date":"","_ticket_end_date":"","_tribe_ticket_show_description":"","_tribe_ticket_show_not_going":false,"_tribe_ticket_use_global_stock":"","_tribe_ticket_global_stock_level":"","_global_stock_mode":"","_global_stock_cap":"","_tribe_rsvp_for_event":"","_tribe_ticket_going_count":"","_tribe_ticket_not_going_count":"","_tribe_tickets_list":"[]","_tribe_ticket_has_attendee_info_fields":false,"_tec_slr_enabled":"","_tec_slr_layout":""},"product_brand":[],"product_cat":[924],"product_tag":[347,954,951,656,952,961,955,517,515,963,516,960,957],"class_list":{"0":"post-18681","1":"product","2":"type-product","3":"status-publish","4":"has-post-thumbnail","6":"product_cat-coolstyle-black","7":"product_tag-afrique","8":"product_tag-ankara-mode","9":"product_tag-black","10":"product_tag-manteau","11":"product_tag-manteau-africain","12":"product_tag-manteau-africain-fait-main","13":"product_tag-mode-africaine","14":"product_tag-partie-superieure","15":"product_tag-tissu-de-cire","16":"product_tag-top","17":"product_tag-veste","18":"product_tag-vetements-africains","19":"product_tag-vetements-de-ville-unisexes","21":"first","22":"instock","23":"purchasable","24":"product-type-simple"},"_links":{"self":[{"href":"https:\/\/coolstyle.ch\/fr\/wp-json\/wp\/v2\/product\/18681","targetHints":{"allow":["GET"]}}],"collection":[{"href":"https:\/\/coolstyle.ch\/fr\/wp-json\/wp\/v2\/product"}],"about":[{"href":"https:\/\/coolstyle.ch\/fr\/wp-json\/wp\/v2\/types\/product"}],"replies":[{"embeddable":true,"href":"https:\/\/coolstyle.ch\/fr\/wp-json\/wp\/v2\/comments?post=18681"}],"wp:featuredmedia":[{"embeddable":true,"href":"https:\/\/coolstyle.ch\/fr\/wp-json\/wp\/v2\/media\/18682"}],"wp:attachment":[{"href":"https:\/\/coolstyle.ch\/fr\/wp-json\/wp\/v2\/media?parent=18681"}],"wp:term":[{"taxonomy":"product_brand","embeddable":true,"href":"https:\/\/coolstyle.ch\/fr\/wp-json\/wp\/v2\/product_brand?post=18681"},{"taxonomy":"product_cat","embeddable":true,"href":"https:\/\/coolstyle.ch\/fr\/wp-json\/wp\/v2\/product_cat?post=18681"},{"taxonomy":"product_tag","embeddable":true,"href":"https:\/\/coolstyle.ch\/fr\/wp-json\/wp\/v2\/product_tag?post=18681"}],"curies":[{"name":"wp","href":"https:\/\/api.w.org\/{rel}","templated":true}]}}