{"id":18630,"date":"2026-01-27T19:28:09","date_gmt":"2026-01-27T19:28:09","guid":{"rendered":"https:\/\/coolstyle.ch\/produkt\/coolstyle-handwoven-guinea-gilet-noir-olive-unisexe\/"},"modified":"2026-01-27T19:28:09","modified_gmt":"2026-01-27T19:28:09","slug":"coolstyle-handwoven-guinea-gilet-noir-olive-unisexe","status":"publish","type":"product","link":"https:\/\/coolstyle.ch\/fr\/produkt\/coolstyle-handwoven-guinea-gilet-noir-olive-unisexe\/","title":{"rendered":"Coolstyle Handwoven Guinea Gilet noir olive &#8211; Unisexe"},"content":{"rendered":"<p data-start=\"113\" data-end=\"280\">Gilet unique en tissu tiss\u00e9 \u00e0 la main en Guin\u00e9e, combin\u00e9 avec un style de rue moderne. L\u00e9ger, agr\u00e9able et polyvalent &#8211; \u00e0 porter sur des t-shirts, des sweats \u00e0 capuche ou des chemises.<\/p>\n<p data-start=\"282\" data-end=\"448\"><strong data-start=\"282\" data-end=\"294\">D\u00e9tails :<\/strong><br \/>\n&#8211; Tissu tiss\u00e9 \u00e0 la main en Guin\u00e9e<br data-start=\"326\" data-end=\"329\">&#8211; 100 % coton<br data-start=\"346\" data-end=\"349\">&#8211; Taille : XL, coupe ample<br data-start=\"380\" data-end=\"383\" data-is-only-node=\"\">&#8211; Unisexe<br data-start=\"391\" data-end=\"394\">&#8211; Entretien : 30 \u00b0C lavage d\u00e9licat<br data-start=\"421\" data-end=\"424\">&#8211; Chaque pi\u00e8ce est unique<\/p>\n<p data-start=\"450\" data-end=\"529\" data-is-last-node=\"\" data-is-only-node=\"\">Parfait pour des looks personnalis\u00e9s avec un caract\u00e8re textile africain authentique.<\/p>\n","protected":false},"excerpt":{"rendered":"<p>Gilet unique en tissu tiss\u00e9 \u00e0 la main en Guin\u00e9e, combin\u00e9 avec un style de rue moderne. L\u00e9ger, agr\u00e9able et polyvalent &#8211; \u00e0 porter sur des t-shirts, des sweats \u00e0 [&#8230;]\n","protected":false},"featured_media":18631,"comment_status":"closed","ping_status":"closed","template":"","meta":{"_price":"129","_stock":"","_tribe_ticket_header":"","_tribe_default_ticket_provider":"","_tribe_ticket_capacity":"","_ticket_start_date":"","_ticket_end_date":"","_tribe_ticket_show_description":"","_tribe_ticket_show_not_going":false,"_tribe_ticket_use_global_stock":"","_tribe_ticket_global_stock_level":"","_global_stock_mode":"","_global_stock_cap":"","_tribe_rsvp_for_event":"","_tribe_ticket_going_count":"","_tribe_ticket_not_going_count":"","_tribe_tickets_list":"[]","_tribe_ticket_has_attendee_info_fields":false,"_tec_slr_enabled":"","_tec_slr_layout":""},"product_brand":[],"product_cat":[924],"product_tag":[347,954,951,809,656,952,961,958,953,959,955,517,515,956,516,960,957],"class_list":{"0":"post-18630","1":"product","2":"type-product","3":"status-publish","4":"has-post-thumbnail","6":"product_cat-coolstyle-black","7":"product_tag-afrique","8":"product_tag-ankara-mode","9":"product_tag-black","10":"product_tag-kente-fr","11":"product_tag-manteau","12":"product_tag-manteau-africain","13":"product_tag-manteau-africain-fait-main","14":"product_tag-manteau-en-coton","15":"product_tag-manteau-kente","16":"product_tag-manteau-oversize-noir","17":"product_tag-mode-africaine","18":"product_tag-partie-superieure","19":"product_tag-tissu-de-cire","20":"product_tag-tissu-kente","21":"product_tag-veste","22":"product_tag-vetements-africains","23":"product_tag-vetements-de-ville-unisexes","25":"first","26":"instock","27":"purchasable","28":"product-type-simple"},"_links":{"self":[{"href":"https:\/\/coolstyle.ch\/fr\/wp-json\/wp\/v2\/product\/18630","targetHints":{"allow":["GET"]}}],"collection":[{"href":"https:\/\/coolstyle.ch\/fr\/wp-json\/wp\/v2\/product"}],"about":[{"href":"https:\/\/coolstyle.ch\/fr\/wp-json\/wp\/v2\/types\/product"}],"replies":[{"embeddable":true,"href":"https:\/\/coolstyle.ch\/fr\/wp-json\/wp\/v2\/comments?post=18630"}],"wp:featuredmedia":[{"embeddable":true,"href":"https:\/\/coolstyle.ch\/fr\/wp-json\/wp\/v2\/media\/18631"}],"wp:attachment":[{"href":"https:\/\/coolstyle.ch\/fr\/wp-json\/wp\/v2\/media?parent=18630"}],"wp:term":[{"taxonomy":"product_brand","embeddable":true,"href":"https:\/\/coolstyle.ch\/fr\/wp-json\/wp\/v2\/product_brand?post=18630"},{"taxonomy":"product_cat","embeddable":true,"href":"https:\/\/coolstyle.ch\/fr\/wp-json\/wp\/v2\/product_cat?post=18630"},{"taxonomy":"product_tag","embeddable":true,"href":"https:\/\/coolstyle.ch\/fr\/wp-json\/wp\/v2\/product_tag?post=18630"}],"curies":[{"name":"wp","href":"https:\/\/api.w.org\/{rel}","templated":true}]}}