{"id":18608,"date":"2026-01-27T19:19:21","date_gmt":"2026-01-27T19:19:21","guid":{"rendered":"https:\/\/coolstyle.ch\/produkt\/coolstyle-noir-dentelle-tachetee-veste-unisexe-l\/"},"modified":"2026-01-27T19:19:21","modified_gmt":"2026-01-27T19:19:21","slug":"coolstyle-noir-dentelle-tachetee-veste-unisexe-l","status":"publish","type":"product","link":"https:\/\/coolstyle.ch\/fr\/produkt\/coolstyle-noir-dentelle-tachetee-veste-unisexe-l\/","title":{"rendered":"Coolstyle noir dentelle tachet\u00e9e Veste &#8211; Unisexe L"},"content":{"rendered":"<p data-start=\"113\" data-end=\"280\">Veste unique en dentelle roul\u00e9e doubl\u00e9e. L\u00e9ger, agr\u00e9able et polyvalent &#8211; \u00e0 porter sur des t-shirts, des sweats \u00e0 capuche ou des chemises.<\/p>\n<p data-start=\"113\" data-end=\"280\">&#8211; Taille : coupe ample<br data-start=\"380\" data-end=\"383\" data-is-only-node=\"\">&#8211; Unisexe<br data-start=\"391\" data-end=\"394\">&#8211; Entretien : 30 \u00b0C lavage doux<br data-start=\"421\" data-end=\"424\">&#8211; Chaque pi\u00e8ce est unique<\/p>\n<p data-start=\"450\" data-end=\"529\" data-is-last-node=\"\" data-is-only-node=\"\">Parfait pour des looks personnalis\u00e9s avec un caract\u00e8re textile africain authentique.<\/p>\n","protected":false},"excerpt":{"rendered":"<p>Veste unique en dentelle roul\u00e9e doubl\u00e9e. L\u00e9ger, agr\u00e9able et polyvalent &#8211; \u00e0 porter sur des t-shirts, des sweats \u00e0 capuche ou des chemises. &#8211; Taille : coupe ample&#8211; Unisexe&#8211; Entretien [&#8230;]\n","protected":false},"featured_media":18609,"comment_status":"closed","ping_status":"closed","template":"","meta":{"_price":"98","_stock":"","_tribe_ticket_header":"","_tribe_default_ticket_provider":"","_tribe_ticket_capacity":"","_ticket_start_date":"","_ticket_end_date":"","_tribe_ticket_show_description":"","_tribe_ticket_show_not_going":false,"_tribe_ticket_use_global_stock":"","_tribe_ticket_global_stock_level":"","_global_stock_mode":"","_global_stock_cap":"","_tribe_rsvp_for_event":"","_tribe_ticket_going_count":"","_tribe_ticket_not_going_count":"","_tribe_tickets_list":"[]","_tribe_ticket_has_attendee_info_fields":false,"_tec_slr_enabled":"","_tec_slr_layout":""},"product_brand":[],"product_cat":[924],"product_tag":[347,954,951,656,952,961,955,517,515,516,960,957],"class_list":{"0":"post-18608","1":"product","2":"type-product","3":"status-publish","4":"has-post-thumbnail","6":"product_cat-coolstyle-black","7":"product_tag-afrique","8":"product_tag-ankara-mode","9":"product_tag-black","10":"product_tag-manteau","11":"product_tag-manteau-africain","12":"product_tag-manteau-africain-fait-main","13":"product_tag-mode-africaine","14":"product_tag-partie-superieure","15":"product_tag-tissu-de-cire","16":"product_tag-veste","17":"product_tag-vetements-africains","18":"product_tag-vetements-de-ville-unisexes","20":"first","21":"instock","22":"purchasable","23":"product-type-simple"},"_links":{"self":[{"href":"https:\/\/coolstyle.ch\/fr\/wp-json\/wp\/v2\/product\/18608","targetHints":{"allow":["GET"]}}],"collection":[{"href":"https:\/\/coolstyle.ch\/fr\/wp-json\/wp\/v2\/product"}],"about":[{"href":"https:\/\/coolstyle.ch\/fr\/wp-json\/wp\/v2\/types\/product"}],"replies":[{"embeddable":true,"href":"https:\/\/coolstyle.ch\/fr\/wp-json\/wp\/v2\/comments?post=18608"}],"wp:featuredmedia":[{"embeddable":true,"href":"https:\/\/coolstyle.ch\/fr\/wp-json\/wp\/v2\/media\/18609"}],"wp:attachment":[{"href":"https:\/\/coolstyle.ch\/fr\/wp-json\/wp\/v2\/media?parent=18608"}],"wp:term":[{"taxonomy":"product_brand","embeddable":true,"href":"https:\/\/coolstyle.ch\/fr\/wp-json\/wp\/v2\/product_brand?post=18608"},{"taxonomy":"product_cat","embeddable":true,"href":"https:\/\/coolstyle.ch\/fr\/wp-json\/wp\/v2\/product_cat?post=18608"},{"taxonomy":"product_tag","embeddable":true,"href":"https:\/\/coolstyle.ch\/fr\/wp-json\/wp\/v2\/product_tag?post=18608"}],"curies":[{"name":"wp","href":"https:\/\/api.w.org\/{rel}","templated":true}]}}