{"id":18580,"date":"2026-01-27T18:39:08","date_gmt":"2026-01-27T18:39:08","guid":{"rendered":"https:\/\/coolstyle.ch\/produkt\/coolstyle-black-pantalon-unisexe-s-m-rayures\/"},"modified":"2026-01-27T19:13:09","modified_gmt":"2026-01-27T19:13:09","slug":"coolstyle-black-pantalon-unisexe-s-m-rayures","status":"publish","type":"product","link":"https:\/\/coolstyle.ch\/fr\/produkt\/coolstyle-black-pantalon-unisexe-s-m-rayures\/","title":{"rendered":"Coolstyle black pantalon unisexe S-M rayures"},"content":{"rendered":"<p data-start=\"103\" data-end=\"328\">Parfait pour le quotidien, le street style ou les looks cr\u00e9atifs.<\/p>\n<p data-start=\"330\" data-end=\"468\"><strong data-start=\"330\" data-end=\"342\">D\u00e9tails :<\/strong><br data-start=\"342\" data-end=\"345\">&#8211; Unisexe<br data-start=\"353\" data-end=\"356\">&#8211; Coupe d\u00e9contract\u00e9e et confortable<br data-start=\"384\" data-end=\"387\">&#8211; Se combine de multiples fa\u00e7ons<br data-start=\"412\" data-end=\"415\" data-is-only-node=\"\">&#8211; Id\u00e9al pour les loisirs, la ville et les \u00e9v\u00e9nements<br data-start=\"451\" data-end=\"454\">&#8211; Facile d&rsquo;entretien<\/p>\n<p data-start=\"470\" data-end=\"542\" data-is-last-node=\"\" data-is-only-node=\"\">Une pi\u00e8ce pour tous ceux qui aiment le confort tout en affichant leur style.<\/p>\n","protected":false},"excerpt":{"rendered":"<p>Parfait pour le quotidien, le street style ou les looks cr\u00e9atifs. D\u00e9tails :&#8211; Unisexe&#8211; Coupe d\u00e9contract\u00e9e et confortable&#8211; Se combine de multiples fa\u00e7ons&#8211; Id\u00e9al pour les loisirs, la ville et [&#8230;]\n","protected":false},"featured_media":18582,"comment_status":"closed","ping_status":"closed","template":"","meta":{"_price":"70","_stock":"","_tribe_ticket_header":"","_tribe_default_ticket_provider":"","_tribe_ticket_capacity":"","_ticket_start_date":"","_ticket_end_date":"","_tribe_ticket_show_description":"","_tribe_ticket_show_not_going":false,"_tribe_ticket_use_global_stock":"","_tribe_ticket_global_stock_level":"","_global_stock_mode":"","_global_stock_cap":"","_tribe_rsvp_for_event":"","_tribe_ticket_going_count":"","_tribe_ticket_not_going_count":"","_tribe_tickets_list":"[]","_tribe_ticket_has_attendee_info_fields":false,"_tec_slr_enabled":"","_tec_slr_layout":""},"product_brand":[],"product_cat":[924],"product_tag":[347,954,951,955,419,515,960,957],"class_list":{"0":"post-18580","1":"product","2":"type-product","3":"status-publish","4":"has-post-thumbnail","6":"product_cat-coolstyle-black","7":"product_tag-afrique","8":"product_tag-ankara-mode","9":"product_tag-black","10":"product_tag-mode-africaine","11":"product_tag-pantalon","12":"product_tag-tissu-de-cire","13":"product_tag-vetements-africains","14":"product_tag-vetements-de-ville-unisexes","16":"first","17":"instock","18":"purchasable","19":"product-type-simple"},"_links":{"self":[{"href":"https:\/\/coolstyle.ch\/fr\/wp-json\/wp\/v2\/product\/18580","targetHints":{"allow":["GET"]}}],"collection":[{"href":"https:\/\/coolstyle.ch\/fr\/wp-json\/wp\/v2\/product"}],"about":[{"href":"https:\/\/coolstyle.ch\/fr\/wp-json\/wp\/v2\/types\/product"}],"replies":[{"embeddable":true,"href":"https:\/\/coolstyle.ch\/fr\/wp-json\/wp\/v2\/comments?post=18580"}],"wp:featuredmedia":[{"embeddable":true,"href":"https:\/\/coolstyle.ch\/fr\/wp-json\/wp\/v2\/media\/18582"}],"wp:attachment":[{"href":"https:\/\/coolstyle.ch\/fr\/wp-json\/wp\/v2\/media?parent=18580"}],"wp:term":[{"taxonomy":"product_brand","embeddable":true,"href":"https:\/\/coolstyle.ch\/fr\/wp-json\/wp\/v2\/product_brand?post=18580"},{"taxonomy":"product_cat","embeddable":true,"href":"https:\/\/coolstyle.ch\/fr\/wp-json\/wp\/v2\/product_cat?post=18580"},{"taxonomy":"product_tag","embeddable":true,"href":"https:\/\/coolstyle.ch\/fr\/wp-json\/wp\/v2\/product_tag?post=18580"}],"curies":[{"name":"wp","href":"https:\/\/api.w.org\/{rel}","templated":true}]}}