{"id":18501,"date":"2026-01-25T19:17:41","date_gmt":"2026-01-25T19:17:41","guid":{"rendered":"https:\/\/coolstyle.ch\/produkt\/porte-cles-kurz-rose-dore\/"},"modified":"2026-01-25T19:17:41","modified_gmt":"2026-01-25T19:17:41","slug":"porte-cles-kurz-rose-dore","status":"publish","type":"product","link":"https:\/\/coolstyle.ch\/fr\/produkt\/porte-cles-kurz-rose-dore\/","title":{"rendered":"Porte-cl\u00e9s KURZ rose dor\u00e9"},"content":{"rendered":"<p>&nbsp;<\/p>\n<p>&nbsp;<\/p>\n","protected":false},"excerpt":{"rendered":"<p>Ce porte-cl\u00e9s a \u00e9t\u00e9 produit sp\u00e9cialement pour vous dans le centre pour handicap\u00e9s de Mbour. Id\u00e9al si tu veux toujours avoir l'\u00a0\u00bbafrican spirit\u00a0\u00bb avec toi.<\/p>\n","protected":false},"featured_media":18469,"comment_status":"closed","ping_status":"closed","template":"","meta":{"_price":"20","_stock":"","_tribe_ticket_header":"","_tribe_default_ticket_provider":"","_tribe_ticket_capacity":"","_ticket_start_date":"","_ticket_end_date":"","_tribe_ticket_show_description":"","_tribe_ticket_show_not_going":false,"_tribe_ticket_use_global_stock":"","_tribe_ticket_global_stock_level":"","_global_stock_mode":"","_global_stock_cap":"","_tribe_rsvp_for_event":"","_tribe_ticket_going_count":"","_tribe_ticket_not_going_count":"","_tribe_tickets_list":"[]","_tribe_ticket_has_attendee_info_fields":false,"_tec_slr_enabled":"","_tec_slr_layout":""},"product_brand":[],"product_cat":[381],"product_tag":[347,485,969,486,483,484],"class_list":{"0":"post-18501","1":"product","2":"type-product","3":"status-publish","4":"has-post-thumbnail","6":"product_cat-porte-clef","7":"product_tag-afrique","8":"product_tag-keyring-fr","9":"product_tag-ll","10":"product_tag-porte-clef-fr","11":"product_tag-porte-cles","12":"product_tag-porte-cles-fr","13":"product_shipping_class-petits-produits","15":"first","16":"instock","17":"purchasable","18":"product-type-simple"},"_links":{"self":[{"href":"https:\/\/coolstyle.ch\/fr\/wp-json\/wp\/v2\/product\/18501","targetHints":{"allow":["GET"]}}],"collection":[{"href":"https:\/\/coolstyle.ch\/fr\/wp-json\/wp\/v2\/product"}],"about":[{"href":"https:\/\/coolstyle.ch\/fr\/wp-json\/wp\/v2\/types\/product"}],"replies":[{"embeddable":true,"href":"https:\/\/coolstyle.ch\/fr\/wp-json\/wp\/v2\/comments?post=18501"}],"wp:featuredmedia":[{"embeddable":true,"href":"https:\/\/coolstyle.ch\/fr\/wp-json\/wp\/v2\/media\/18469"}],"wp:attachment":[{"href":"https:\/\/coolstyle.ch\/fr\/wp-json\/wp\/v2\/media?parent=18501"}],"wp:term":[{"taxonomy":"product_brand","embeddable":true,"href":"https:\/\/coolstyle.ch\/fr\/wp-json\/wp\/v2\/product_brand?post=18501"},{"taxonomy":"product_cat","embeddable":true,"href":"https:\/\/coolstyle.ch\/fr\/wp-json\/wp\/v2\/product_cat?post=18501"},{"taxonomy":"product_tag","embeddable":true,"href":"https:\/\/coolstyle.ch\/fr\/wp-json\/wp\/v2\/product_tag?post=18501"}],"curies":[{"name":"wp","href":"https:\/\/api.w.org\/{rel}","templated":true}]}}