{"id":18203,"date":"2025-11-08T12:23:12","date_gmt":"2025-11-08T12:23:12","guid":{"rendered":"https:\/\/coolstyle.ch\/?post_type=product&#038;p=18203"},"modified":"2026-01-27T18:38:33","modified_gmt":"2026-01-27T18:38:33","slug":"coolstyle-black-blusenkleid-canvas","status":"publish","type":"product","link":"https:\/\/coolstyle.ch\/fr\/produkt\/coolstyle-black-blusenkleid-canvas\/","title":{"rendered":"Coolstyle black Blusenkleid canvas"},"content":{"rendered":"<p data-start=\"116\" data-end=\"304\">Leichtes, flie\u00dfendes Blusenkleid mit moderner asymmetrischer Silhouette und stilvoller \u00d6ffnung am Bein. Bequem, figurumspielend und perfekt f\u00fcr besondere Momente oder l\u00e4ssige Alltagslooks.<\/p>\n<p data-start=\"306\" data-end=\"479\"><strong data-start=\"306\" data-end=\"318\">Details:<\/strong><br \/>\n\u2022 Asymmetrischer Schnitt<br data-start=\"343\" data-end=\"346\" \/>\u2022 Eleganter Beinschlitz<br data-start=\"369\" data-end=\"372\" \/>\u2022 Angenehm leichte Stoffqualit\u00e4t<br data-start=\"404\" data-end=\"407\" data-is-only-node=\"\" \/>\u2022 Locker fallend, schmeichelnde Passform<br data-start=\"447\" data-end=\"450\" \/>\u2022 Pflege: 30 \u00b0C Schonw\u00e4sche<\/p>\n<p data-start=\"481\" data-end=\"599\" data-is-last-node=\"\" data-is-only-node=\"\">Ein Kleid, das zugleich <strong data-start=\"505\" data-end=\"518\">Statement<\/strong> und <strong data-start=\"523\" data-end=\"534\">Komfort<\/strong> bietet. Ideal f\u00fcr Fashion-Lover mit Sinn f\u00fcr besondere Schnitte.<\/p>\n","protected":false},"excerpt":{"rendered":"<p>Leichtes, flie\u00dfendes Blusenkleid mit moderner asymmetrischer Silhouette und stilvoller \u00d6ffnung am Bein. Bequem, figurumspielend und perfekt f\u00fcr besondere Momente oder l\u00e4ssige Alltagslooks. Details: \u2022 Asymmetrischer Schnitt\u2022 Eleganter Beinschlitz\u2022 Angenehm leichte [&#8230;]\n","protected":false},"featured_media":18168,"comment_status":"closed","ping_status":"closed","template":"","meta":{"_price":"98","_stock":null,"_tribe_ticket_header":"","_tribe_default_ticket_provider":"","_tribe_ticket_capacity":"","_ticket_start_date":"","_ticket_end_date":"","_tribe_ticket_show_description":"","_tribe_ticket_show_not_going":false,"_tribe_ticket_use_global_stock":"","_tribe_ticket_global_stock_level":"","_global_stock_mode":"","_global_stock_cap":"","_tribe_rsvp_for_event":"","_tribe_ticket_going_count":"","_tribe_ticket_not_going_count":"","_tribe_tickets_list":"[]","_tribe_ticket_has_attendee_info_fields":false,"_tec_slr_enabled":"","_tec_slr_layout":""},"product_brand":[],"product_cat":[921],"product_tag":[931,84,936,930,927,939,937,117,219,145,118,938,933,103],"class_list":{"0":"post-18203","1":"product","2":"type-product","3":"status-publish","4":"has-post-thumbnail","6":"product_cat-black","7":"product_tag-african-fashion","8":"product_tag-afrika","9":"product_tag-afrikanische-kleidung","10":"product_tag-ankara-mode","11":"product_tag-black","12":"product_tag-blusenkleid","13":"product_tag-handmade-african-coat","14":"product_tag-jacke","15":"product_tag-kleid","16":"product_tag-mantel","17":"product_tag-oberteil","18":"product_tag-top","19":"product_tag-unisex-streetwear","20":"product_tag-waxstoff","22":"first","23":"instock","24":"purchasable","25":"product-type-simple"},"_links":{"self":[{"href":"https:\/\/coolstyle.ch\/fr\/wp-json\/wp\/v2\/product\/18203","targetHints":{"allow":["GET"]}}],"collection":[{"href":"https:\/\/coolstyle.ch\/fr\/wp-json\/wp\/v2\/product"}],"about":[{"href":"https:\/\/coolstyle.ch\/fr\/wp-json\/wp\/v2\/types\/product"}],"replies":[{"embeddable":true,"href":"https:\/\/coolstyle.ch\/fr\/wp-json\/wp\/v2\/comments?post=18203"}],"wp:featuredmedia":[{"embeddable":true,"href":"https:\/\/coolstyle.ch\/fr\/wp-json\/wp\/v2\/media\/18168"}],"wp:attachment":[{"href":"https:\/\/coolstyle.ch\/fr\/wp-json\/wp\/v2\/media?parent=18203"}],"wp:term":[{"taxonomy":"product_brand","embeddable":true,"href":"https:\/\/coolstyle.ch\/fr\/wp-json\/wp\/v2\/product_brand?post=18203"},{"taxonomy":"product_cat","embeddable":true,"href":"https:\/\/coolstyle.ch\/fr\/wp-json\/wp\/v2\/product_cat?post=18203"},{"taxonomy":"product_tag","embeddable":true,"href":"https:\/\/coolstyle.ch\/fr\/wp-json\/wp\/v2\/product_tag?post=18203"}],"curies":[{"name":"wp","href":"https:\/\/api.w.org\/{rel}","templated":true}]}}