{"id":18077,"date":"2025-10-19T15:20:13","date_gmt":"2025-10-19T15:20:13","guid":{"rendered":"https:\/\/coolstyle.ch\/?post_type=product&#038;p=18077"},"modified":"2025-10-19T15:21:17","modified_gmt":"2025-10-19T15:21:17","slug":"schluesselanhaenger-kurz-gold-pink-2","status":"publish","type":"product","link":"https:\/\/coolstyle.ch\/fr\/produkt\/schluesselanhaenger-kurz-gold-pink-2\/","title":{"rendered":"Schl\u00fcsselanh\u00e4nger KURZ gold pink"},"content":{"rendered":"<p>&nbsp;<\/p>\n<p>&nbsp;<\/p>\n","protected":false},"excerpt":{"rendered":"<p>Dieser Schl\u00fcsselanh\u00e4nger wurde extra f\u00fcr dich im Behindertenheim in Mbour produziert. Ideal wenn Du den \u00ab\u00a0african Spirit\u00a0\u00bb immer dabei haben m\u00f6chtest.<\/p>\n","protected":false},"featured_media":18062,"comment_status":"closed","ping_status":"closed","template":"","meta":{"_price":"20","_stock":null,"_tribe_ticket_header":"","_tribe_default_ticket_provider":"","_tribe_ticket_capacity":"","_ticket_start_date":"","_ticket_end_date":"","_tribe_ticket_show_description":"","_tribe_ticket_show_not_going":false,"_tribe_ticket_use_global_stock":"","_tribe_ticket_global_stock_level":"","_global_stock_mode":"","_global_stock_cap":"","_tribe_rsvp_for_event":"","_tribe_ticket_going_count":"","_tribe_ticket_not_going_count":"","_tribe_tickets_list":"[]","_tribe_ticket_has_attendee_info_fields":false,"_tec_slr_enabled":"","_tec_slr_layout":""},"product_brand":[],"product_cat":[164],"product_tag":[84,151,152,161,150],"class_list":{"0":"post-18077","1":"product","2":"type-product","3":"status-publish","4":"has-post-thumbnail","6":"product_cat-schluesselanhaenger","7":"product_tag-afrika","8":"product_tag-keyring","9":"product_tag-porte-clef","10":"product_tag-schluesselanhaenger","11":"product_tag-schluesselring","12":"product_shipping_class-kleine-produkte","14":"first","15":"instock","16":"purchasable","17":"product-type-simple"},"_links":{"self":[{"href":"https:\/\/coolstyle.ch\/fr\/wp-json\/wp\/v2\/product\/18077","targetHints":{"allow":["GET"]}}],"collection":[{"href":"https:\/\/coolstyle.ch\/fr\/wp-json\/wp\/v2\/product"}],"about":[{"href":"https:\/\/coolstyle.ch\/fr\/wp-json\/wp\/v2\/types\/product"}],"replies":[{"embeddable":true,"href":"https:\/\/coolstyle.ch\/fr\/wp-json\/wp\/v2\/comments?post=18077"}],"wp:featuredmedia":[{"embeddable":true,"href":"https:\/\/coolstyle.ch\/fr\/wp-json\/wp\/v2\/media\/18062"}],"wp:attachment":[{"href":"https:\/\/coolstyle.ch\/fr\/wp-json\/wp\/v2\/media?parent=18077"}],"wp:term":[{"taxonomy":"product_brand","embeddable":true,"href":"https:\/\/coolstyle.ch\/fr\/wp-json\/wp\/v2\/product_brand?post=18077"},{"taxonomy":"product_cat","embeddable":true,"href":"https:\/\/coolstyle.ch\/fr\/wp-json\/wp\/v2\/product_cat?post=18077"},{"taxonomy":"product_tag","embeddable":true,"href":"https:\/\/coolstyle.ch\/fr\/wp-json\/wp\/v2\/product_tag?post=18077"}],"curies":[{"name":"wp","href":"https:\/\/api.w.org\/{rel}","templated":true}]}}