{"id":17843,"date":"2021-05-23T18:23:25","date_gmt":"2021-05-23T18:23:25","guid":{"rendered":"https:\/\/coolstyle.ch\/produkt\/collier-bayfall-afrique-en-cuir-noir-argent-veritable\/"},"modified":"2021-05-23T18:23:25","modified_gmt":"2021-05-23T18:23:25","slug":"collier-bayfall-afrique-en-cuir-noir-argent-veritable","status":"publish","type":"product","link":"https:\/\/coolstyle.ch\/fr\/produkt\/collier-bayfall-afrique-en-cuir-noir-argent-veritable\/","title":{"rendered":"Collier Bayfall Afrique en cuir noir &#8211; Argent v\u00e9ritable"},"content":{"rendered":"","protected":false},"excerpt":{"rendered":"<p>La cha\u00eene est en cuir noir. Le pendentif et les 3 anneaux sont en argent v\u00e9ritable. <\/p>\n<p>Le collier est inspir\u00e9 de la culture Bayfall au S\u00e9n\u00e9gal.<\/p>\n<p>&nbsp;<\/p>\n","protected":false},"featured_media":6326,"comment_status":"closed","ping_status":"closed","template":"","meta":{"_price":"98","_stock":"","_tribe_ticket_header":"","_tribe_default_ticket_provider":"","_tribe_ticket_capacity":"0","_ticket_start_date":"","_ticket_end_date":"","_tribe_ticket_show_description":"","_tribe_ticket_show_not_going":false,"_tribe_ticket_use_global_stock":"","_tribe_ticket_global_stock_level":"","_global_stock_mode":"","_global_stock_cap":"","_tribe_rsvp_for_event":"","_tribe_ticket_going_count":"","_tribe_ticket_not_going_count":"","_tribe_tickets_list":"[]","_tribe_ticket_has_attendee_info_fields":false,"_tec_slr_enabled":"","_tec_slr_layout":""},"product_brand":[],"product_cat":[564],"product_tag":[347,357,557,558,559],"class_list":{"0":"post-17843","1":"product","2":"type-product","3":"status-publish","4":"has-post-thumbnail","6":"product_cat-colliers","7":"product_tag-afrique","8":"product_tag-bayfall-fr","9":"product_tag-bijoux","10":"product_tag-collier","11":"product_tag-cuir","12":"product_shipping_class-petits-produits","14":"first","15":"instock","16":"purchasable","17":"product-type-simple"},"_links":{"self":[{"href":"https:\/\/coolstyle.ch\/fr\/wp-json\/wp\/v2\/product\/17843","targetHints":{"allow":["GET"]}}],"collection":[{"href":"https:\/\/coolstyle.ch\/fr\/wp-json\/wp\/v2\/product"}],"about":[{"href":"https:\/\/coolstyle.ch\/fr\/wp-json\/wp\/v2\/types\/product"}],"replies":[{"embeddable":true,"href":"https:\/\/coolstyle.ch\/fr\/wp-json\/wp\/v2\/comments?post=17843"}],"wp:featuredmedia":[{"embeddable":true,"href":"https:\/\/coolstyle.ch\/fr\/wp-json\/wp\/v2\/media\/6326"}],"wp:attachment":[{"href":"https:\/\/coolstyle.ch\/fr\/wp-json\/wp\/v2\/media?parent=17843"}],"wp:term":[{"taxonomy":"product_brand","embeddable":true,"href":"https:\/\/coolstyle.ch\/fr\/wp-json\/wp\/v2\/product_brand?post=17843"},{"taxonomy":"product_cat","embeddable":true,"href":"https:\/\/coolstyle.ch\/fr\/wp-json\/wp\/v2\/product_cat?post=17843"},{"taxonomy":"product_tag","embeddable":true,"href":"https:\/\/coolstyle.ch\/fr\/wp-json\/wp\/v2\/product_tag?post=17843"}],"curies":[{"name":"wp","href":"https:\/\/api.w.org\/{rel}","templated":true}]}}