{"id":17789,"date":"2021-10-10T16:33:44","date_gmt":"2021-10-10T16:33:44","guid":{"rendered":"https:\/\/coolstyle.ch\/produkt\/sacoche-pour-ordinateur-portable-15-beige\/"},"modified":"2021-10-10T16:33:44","modified_gmt":"2021-10-10T16:33:44","slug":"sacoche-pour-ordinateur-portable-15-beige","status":"publish","type":"product","link":"https:\/\/coolstyle.ch\/fr\/produkt\/sacoche-pour-ordinateur-portable-15-beige\/","title":{"rendered":"Sacoche pour ordinateur portable 15\u00a0\u00bb beige"},"content":{"rendered":"","protected":false},"excerpt":{"rendered":"<p>Chaque sac est unique et a \u00e9t\u00e9 fabriqu\u00e9 \u00e0 la main au S\u00e9n\u00e9gal.<\/p>\n<p>&nbsp;<\/p>\n","protected":false},"featured_media":6672,"comment_status":"closed","ping_status":"closed","template":"","meta":{"_price":"49","_stock":"","_tribe_ticket_header":"","_tribe_default_ticket_provider":"","_tribe_ticket_capacity":"0","_ticket_start_date":"","_ticket_end_date":"","_tribe_ticket_show_description":"","_tribe_ticket_show_not_going":false,"_tribe_ticket_use_global_stock":"","_tribe_ticket_global_stock_level":"","_global_stock_mode":"","_global_stock_cap":"","_tribe_rsvp_for_event":"","_tribe_ticket_going_count":"","_tribe_ticket_not_going_count":"","_tribe_tickets_list":"[]","_tribe_ticket_has_attendee_info_fields":false,"_tec_slr_enabled":"","_tec_slr_layout":""},"product_brand":[],"product_cat":[608],"product_tag":[477,475,478,476],"class_list":{"0":"post-17789","1":"product","2":"type-product","3":"status-publish","4":"has-post-thumbnail","6":"product_cat-sac-pour-ordinateur-portable","7":"product_tag-coop-fr","8":"product_tag-pet-fr","9":"product_tag-recycle-fr","10":"product_tag-upcycle-fr","12":"first","13":"instock","14":"purchasable","15":"product-type-simple"},"_links":{"self":[{"href":"https:\/\/coolstyle.ch\/fr\/wp-json\/wp\/v2\/product\/17789","targetHints":{"allow":["GET"]}}],"collection":[{"href":"https:\/\/coolstyle.ch\/fr\/wp-json\/wp\/v2\/product"}],"about":[{"href":"https:\/\/coolstyle.ch\/fr\/wp-json\/wp\/v2\/types\/product"}],"replies":[{"embeddable":true,"href":"https:\/\/coolstyle.ch\/fr\/wp-json\/wp\/v2\/comments?post=17789"}],"wp:featuredmedia":[{"embeddable":true,"href":"https:\/\/coolstyle.ch\/fr\/wp-json\/wp\/v2\/media\/6672"}],"wp:attachment":[{"href":"https:\/\/coolstyle.ch\/fr\/wp-json\/wp\/v2\/media?parent=17789"}],"wp:term":[{"taxonomy":"product_brand","embeddable":true,"href":"https:\/\/coolstyle.ch\/fr\/wp-json\/wp\/v2\/product_brand?post=17789"},{"taxonomy":"product_cat","embeddable":true,"href":"https:\/\/coolstyle.ch\/fr\/wp-json\/wp\/v2\/product_cat?post=17789"},{"taxonomy":"product_tag","embeddable":true,"href":"https:\/\/coolstyle.ch\/fr\/wp-json\/wp\/v2\/product_tag?post=17789"}],"curies":[{"name":"wp","href":"https:\/\/api.w.org\/{rel}","templated":true}]}}