{"id":17743,"date":"2022-01-07T16:10:11","date_gmt":"2022-01-07T16:10:11","guid":{"rendered":"https:\/\/coolstyle.ch\/produkt\/condiments-du-cameroun-piment-rouge-des-haoussa\/"},"modified":"2022-01-07T16:10:11","modified_gmt":"2022-01-07T16:10:11","slug":"condiments-du-cameroun-piment-rouge-des-haoussa","status":"publish","type":"product","link":"https:\/\/coolstyle.ch\/fr\/produkt\/condiments-du-cameroun-piment-rouge-des-haoussa\/","title":{"rendered":"Condiments du Cameroun &#8211; Piment rouge des Haoussa"},"content":{"rendered":"","protected":false},"excerpt":{"rendered":"<p>&nbsp;<\/p>\n<hr>\n<p>Ceux qui ont d\u00e9j\u00e0 visit\u00e9 le Cameroun connaissent les \u00e9pices incomparables du pays. Les \u00e9pices ont un go\u00fbt incroyablement fort et ne peuvent pas \u00eatre compar\u00e9es aux \u00e9pices traditionnelles. <\/p>\n<p>Pour ceux qui ne le connaissent pas &#8211; \u00e0 essayer absolument !<\/p>\n<p>Cette \u00e9pice est utilis\u00e9e pour assaisonner les brochettes de viande sur les stands de dibiterie. Piquant comme le feu et infiniment \u00e9pic\u00e9. <\/p>\n<p>Cette \u00e9pice porte le nom des Haoussa, un peuple du nord du Cameroun.<\/p>\n<p>120 ml<\/p>\n<p>&nbsp;<\/p>\n","protected":false},"featured_media":7148,"comment_status":"closed","ping_status":"closed","template":"","meta":{"_price":"12","_stock":"","_tribe_ticket_header":"","_tribe_default_ticket_provider":"","_tribe_ticket_capacity":"","_ticket_start_date":"","_ticket_end_date":"","_tribe_ticket_show_description":"","_tribe_ticket_show_not_going":false,"_tribe_ticket_use_global_stock":"","_tribe_ticket_global_stock_level":"","_global_stock_mode":"","_global_stock_cap":"","_tribe_rsvp_for_event":"","_tribe_ticket_going_count":"","_tribe_ticket_not_going_count":"","_tribe_tickets_list":"[]","_tribe_ticket_has_attendee_info_fields":false,"_tec_slr_enabled":"","_tec_slr_layout":""},"product_brand":[],"product_cat":[604],"product_tag":[347,646,590,630,697,695],"class_list":{"0":"post-17743","1":"product","2":"type-product","3":"status-publish","4":"has-post-thumbnail","6":"product_cat-epices","7":"product_tag-afrique","8":"product_tag-curcuma","9":"product_tag-curry-fr","10":"product_tag-epices","11":"product_tag-poivre","12":"product_tag-sel","13":"product_shipping_class-petits-produits","15":"first","16":"instock","17":"featured","18":"purchasable","19":"product-type-simple"},"_links":{"self":[{"href":"https:\/\/coolstyle.ch\/fr\/wp-json\/wp\/v2\/product\/17743","targetHints":{"allow":["GET"]}}],"collection":[{"href":"https:\/\/coolstyle.ch\/fr\/wp-json\/wp\/v2\/product"}],"about":[{"href":"https:\/\/coolstyle.ch\/fr\/wp-json\/wp\/v2\/types\/product"}],"replies":[{"embeddable":true,"href":"https:\/\/coolstyle.ch\/fr\/wp-json\/wp\/v2\/comments?post=17743"}],"wp:featuredmedia":[{"embeddable":true,"href":"https:\/\/coolstyle.ch\/fr\/wp-json\/wp\/v2\/media\/7148"}],"wp:attachment":[{"href":"https:\/\/coolstyle.ch\/fr\/wp-json\/wp\/v2\/media?parent=17743"}],"wp:term":[{"taxonomy":"product_brand","embeddable":true,"href":"https:\/\/coolstyle.ch\/fr\/wp-json\/wp\/v2\/product_brand?post=17743"},{"taxonomy":"product_cat","embeddable":true,"href":"https:\/\/coolstyle.ch\/fr\/wp-json\/wp\/v2\/product_cat?post=17743"},{"taxonomy":"product_tag","embeddable":true,"href":"https:\/\/coolstyle.ch\/fr\/wp-json\/wp\/v2\/product_tag?post=17743"}],"curies":[{"name":"wp","href":"https:\/\/api.w.org\/{rel}","templated":true}]}}