{"id":17732,"date":"2022-01-11T18:41:21","date_gmt":"2022-01-11T18:41:21","guid":{"rendered":"https:\/\/coolstyle.ch\/produkt\/garniture-de-lit-papillon-et-butterfly\/"},"modified":"2022-01-11T18:41:21","modified_gmt":"2022-01-11T18:41:21","slug":"garniture-de-lit-papillon-et-butterfly","status":"publish","type":"product","link":"https:\/\/coolstyle.ch\/fr\/produkt\/garniture-de-lit-papillon-et-butterfly\/","title":{"rendered":"Garniture de lit papillon et butterfly"},"content":{"rendered":"","protected":false},"excerpt":{"rendered":"<p>Garniture de lit 100% coton &#8211; tissu cir\u00e9<\/p>\n<p>Les dimensions peuvent \u00eatre fabriqu\u00e9es \u00e0 la demande. Date de livraison selon accord et disponibilit\u00e9.<\/p>\n<p>Souhait sp\u00e9cial, il suffit de le signaler. Nous rendons presque tout possible.<\/p>\n","protected":false},"featured_media":7168,"comment_status":"closed","ping_status":"closed","template":"","meta":{"_price":"45","_stock":"","_tribe_ticket_header":"","_tribe_default_ticket_provider":"","_tribe_ticket_capacity":"11","_ticket_start_date":"","_ticket_end_date":"","_tribe_ticket_show_description":"","_tribe_ticket_show_not_going":false,"_tribe_ticket_use_global_stock":"","_tribe_ticket_global_stock_level":"","_global_stock_mode":"","_global_stock_cap":"","_tribe_rsvp_for_event":"","_tribe_ticket_going_count":"","_tribe_ticket_not_going_count":"","_tribe_tickets_list":"[]","_tribe_ticket_has_attendee_info_fields":false,"_tec_slr_enabled":"","_tec_slr_layout":""},"product_brand":[],"product_cat":[449],"product_tag":[723,451,347,357,450,361,730,452,394,632,515],"class_list":{"0":"post-17732","1":"product","2":"type-product","3":"status-publish","4":"has-post-thumbnail","6":"product_cat-literie","7":"product_tag-a-la-maison","8":"product_tag-accueil","9":"product_tag-afrique","10":"product_tag-bayfall-fr","11":"product_tag-duvet-fr","12":"product_tag-garniture-de-lit","13":"product_tag-habiter-fr","14":"product_tag-linge-de-maison","15":"product_tag-literie","16":"product_tag-maison","17":"product_tag-tissu-de-cire","19":"first","20":"instock","21":"purchasable","22":"product-type-variable"},"_links":{"self":[{"href":"https:\/\/coolstyle.ch\/fr\/wp-json\/wp\/v2\/product\/17732","targetHints":{"allow":["GET"]}}],"collection":[{"href":"https:\/\/coolstyle.ch\/fr\/wp-json\/wp\/v2\/product"}],"about":[{"href":"https:\/\/coolstyle.ch\/fr\/wp-json\/wp\/v2\/types\/product"}],"replies":[{"embeddable":true,"href":"https:\/\/coolstyle.ch\/fr\/wp-json\/wp\/v2\/comments?post=17732"}],"wp:featuredmedia":[{"embeddable":true,"href":"https:\/\/coolstyle.ch\/fr\/wp-json\/wp\/v2\/media\/7168"}],"wp:attachment":[{"href":"https:\/\/coolstyle.ch\/fr\/wp-json\/wp\/v2\/media?parent=17732"}],"wp:term":[{"taxonomy":"product_brand","embeddable":true,"href":"https:\/\/coolstyle.ch\/fr\/wp-json\/wp\/v2\/product_brand?post=17732"},{"taxonomy":"product_cat","embeddable":true,"href":"https:\/\/coolstyle.ch\/fr\/wp-json\/wp\/v2\/product_cat?post=17732"},{"taxonomy":"product_tag","embeddable":true,"href":"https:\/\/coolstyle.ch\/fr\/wp-json\/wp\/v2\/product_tag?post=17732"}],"curies":[{"name":"wp","href":"https:\/\/api.w.org\/{rel}","templated":true}]}}