{"id":17715,"date":"2020-05-22T07:37:53","date_gmt":"2020-05-22T07:37:53","guid":{"rendered":"https:\/\/coolstyle.ch\/produkt\/foulard-afro-bandeau-de-cheveux-power\/"},"modified":"2020-05-22T07:37:53","modified_gmt":"2020-05-22T07:37:53","slug":"foulard-afro-bandeau-de-cheveux-power","status":"publish","type":"product","link":"https:\/\/coolstyle.ch\/fr\/produkt\/foulard-afro-bandeau-de-cheveux-power\/","title":{"rendered":"Foulard Afro Bandeau de cheveux Power"},"content":{"rendered":"","protected":false},"excerpt":{"rendered":"<p>Ces superbes serre-t\u00eate en wax africain ont un fil cousu \u00e0 l&rsquo;int\u00e9rieur. Ils sont tr\u00e8s faciles \u00e0 modeler et donnent du pep \u00e0 toutes les tenues.<\/p>\n<p>100 % Made for Africa<\/p>\n<div id=\"page\">\n<div class=\"page-container\">\n<div class=\"columns-container clearfix\">\n<div id=\"columns\" class=\"container\">\n<div class=\"row\">\n<div class=\"large-left col-sm-12\">\n<div class=\"row\">\n<div id=\"center_column\" class=\"center_column col-xs-12 col-sm-12\">\n<div class=\"clearfix product-information\">\n<div class=\"tab-content col-sm-9 col-md-9 col-lg-9\">\n<div id=\"product-description-tab-content\" class=\"product-description-tab-content tab-pane active\">\n<div class=\"rte\">\n<p>100 % coton en tissu africain cir\u00e9<\/p>\n<\/div>\n<\/div>\n<\/div>\n<\/div>\n<\/div>\n<\/div>\n<\/div>\n<\/div>\n<\/div>\n<\/div>\n<\/div>\n<\/div>\n","protected":false},"featured_media":0,"comment_status":"closed","ping_status":"closed","template":"","meta":{"_price":"25","_stock":"","_tribe_ticket_header":"","_tribe_default_ticket_provider":"","_tribe_ticket_capacity":"0","_ticket_start_date":"","_ticket_end_date":"","_tribe_ticket_show_description":"","_tribe_ticket_show_not_going":false,"_tribe_ticket_use_global_stock":"","_tribe_ticket_global_stock_level":"","_global_stock_mode":"","_global_stock_cap":"","_tribe_rsvp_for_event":"","_tribe_ticket_going_count":"","_tribe_ticket_not_going_count":"","_tribe_tickets_list":"[]","_tribe_ticket_has_attendee_info_fields":false,"_tec_slr_enabled":"","_tec_slr_layout":""},"product_brand":[],"product_cat":[369],"product_tag":[347,545,543],"class_list":{"0":"post-17715","1":"product","2":"type-product","3":"status-publish","5":"product_cat-bandeau","6":"product_tag-afrique","7":"product_tag-bandeau-pour-les-cheveux","8":"product_tag-turban-fr","10":"first","11":"instock","12":"purchasable","13":"product-type-simple"},"_links":{"self":[{"href":"https:\/\/coolstyle.ch\/fr\/wp-json\/wp\/v2\/product\/17715","targetHints":{"allow":["GET"]}}],"collection":[{"href":"https:\/\/coolstyle.ch\/fr\/wp-json\/wp\/v2\/product"}],"about":[{"href":"https:\/\/coolstyle.ch\/fr\/wp-json\/wp\/v2\/types\/product"}],"replies":[{"embeddable":true,"href":"https:\/\/coolstyle.ch\/fr\/wp-json\/wp\/v2\/comments?post=17715"}],"wp:attachment":[{"href":"https:\/\/coolstyle.ch\/fr\/wp-json\/wp\/v2\/media?parent=17715"}],"wp:term":[{"taxonomy":"product_brand","embeddable":true,"href":"https:\/\/coolstyle.ch\/fr\/wp-json\/wp\/v2\/product_brand?post=17715"},{"taxonomy":"product_cat","embeddable":true,"href":"https:\/\/coolstyle.ch\/fr\/wp-json\/wp\/v2\/product_cat?post=17715"},{"taxonomy":"product_tag","embeddable":true,"href":"https:\/\/coolstyle.ch\/fr\/wp-json\/wp\/v2\/product_tag?post=17715"}],"curies":[{"name":"wp","href":"https:\/\/api.w.org\/{rel}","templated":true}]}}