{"id":17589,"date":"2022-02-07T09:42:31","date_gmt":"2022-02-07T09:42:31","guid":{"rendered":"https:\/\/coolstyle.ch\/produkt\/condiments-du-cameroun-clous-de-girofle\/"},"modified":"2022-02-07T09:42:31","modified_gmt":"2022-02-07T09:42:31","slug":"condiments-du-cameroun-clous-de-girofle","status":"publish","type":"product","link":"https:\/\/coolstyle.ch\/fr\/produkt\/condiments-du-cameroun-clous-de-girofle\/","title":{"rendered":"Condiments du Cameroun &#8211; Clous de girofle"},"content":{"rendered":"","protected":false},"excerpt":{"rendered":"<p>&nbsp;<\/p>\n<hr>\n<p>Ceux qui ont d\u00e9j\u00e0 visit\u00e9 le Cameroun connaissent les \u00e9pices incomparables du pays. Les \u00e9pices sont incroyablement fortes en go\u00fbt et ne peuvent pas \u00eatre compar\u00e9es aux \u00e9pices traditionnelles.<\/p>\n<p>Pour ceux qui ne le connaissent pas &#8211; \u00e0 essayer absolument !<\/p>\n<p>Les clous de girofle peuvent \u00eatre utilis\u00e9s de diff\u00e9rentes mani\u00e8res. Pour la cuisson ou dans le th\u00e9. L&rsquo;imagination n&rsquo;a pas de limite.<\/p>\n<p>120 ml<\/p>\n<p>&nbsp;<\/p>\n","protected":false},"featured_media":7180,"comment_status":"closed","ping_status":"closed","template":"","meta":{"_price":"12","_stock":"","_tribe_ticket_header":"","_tribe_default_ticket_provider":"","_tribe_ticket_capacity":"0","_ticket_start_date":"","_ticket_end_date":"","_tribe_ticket_show_description":"","_tribe_ticket_show_not_going":false,"_tribe_ticket_use_global_stock":"","_tribe_ticket_global_stock_level":"","_global_stock_mode":"","_global_stock_cap":"","_tribe_rsvp_for_event":"","_tribe_ticket_going_count":"","_tribe_ticket_not_going_count":"","_tribe_tickets_list":"[]","_tribe_ticket_has_attendee_info_fields":false,"_tec_slr_enabled":"","_tec_slr_layout":""},"product_brand":[],"product_cat":[604],"product_tag":[347,646,590,630,697,695],"class_list":{"0":"post-17589","1":"product","2":"type-product","3":"status-publish","4":"has-post-thumbnail","6":"product_cat-epices","7":"product_tag-afrique","8":"product_tag-curcuma","9":"product_tag-curry-fr","10":"product_tag-epices","11":"product_tag-poivre","12":"product_tag-sel","13":"product_shipping_class-petits-produits","15":"first","16":"instock","17":"featured","18":"purchasable","19":"product-type-simple"},"_links":{"self":[{"href":"https:\/\/coolstyle.ch\/fr\/wp-json\/wp\/v2\/product\/17589","targetHints":{"allow":["GET"]}}],"collection":[{"href":"https:\/\/coolstyle.ch\/fr\/wp-json\/wp\/v2\/product"}],"about":[{"href":"https:\/\/coolstyle.ch\/fr\/wp-json\/wp\/v2\/types\/product"}],"replies":[{"embeddable":true,"href":"https:\/\/coolstyle.ch\/fr\/wp-json\/wp\/v2\/comments?post=17589"}],"wp:featuredmedia":[{"embeddable":true,"href":"https:\/\/coolstyle.ch\/fr\/wp-json\/wp\/v2\/media\/7180"}],"wp:attachment":[{"href":"https:\/\/coolstyle.ch\/fr\/wp-json\/wp\/v2\/media?parent=17589"}],"wp:term":[{"taxonomy":"product_brand","embeddable":true,"href":"https:\/\/coolstyle.ch\/fr\/wp-json\/wp\/v2\/product_brand?post=17589"},{"taxonomy":"product_cat","embeddable":true,"href":"https:\/\/coolstyle.ch\/fr\/wp-json\/wp\/v2\/product_cat?post=17589"},{"taxonomy":"product_tag","embeddable":true,"href":"https:\/\/coolstyle.ch\/fr\/wp-json\/wp\/v2\/product_tag?post=17589"}],"curies":[{"name":"wp","href":"https:\/\/api.w.org\/{rel}","templated":true}]}}