{"id":17567,"date":"2021-02-14T17:02:05","date_gmt":"2021-02-14T17:02:05","guid":{"rendered":"https:\/\/coolstyle.ch\/produkt\/pantalon-cauries\/"},"modified":"2021-02-14T17:02:05","modified_gmt":"2021-02-14T17:02:05","slug":"pantalon-cauries","status":"publish","type":"product","link":"https:\/\/coolstyle.ch\/fr\/produkt\/pantalon-cauries\/","title":{"rendered":"Pantalon cauries"},"content":{"rendered":"","protected":false},"excerpt":{"rendered":"<p>Nos ensembles sont sp\u00e9cialement faits pour Bayfalls, typiquement s\u00e9n\u00e9galais &#8211; 100% Made in Africa. Nos vestes Les pi\u00e8ces sont fabriqu\u00e9es \u00e0 la main par nos tailleurs au S\u00e9n\u00e9gal. Les tissus sont soigneusement s\u00e9lectionn\u00e9s par nos soins et doivent \u00eatre faciles \u00e0 entretenir et \u00e0 porter. L&rsquo;important pour nous est d&rsquo;offrir des perspectives durables \u00e0 nos collaborateurs sur place au S\u00e9n\u00e9gal. Les recettes de nos produits sont imm\u00e9diatement r\u00e9investies dans des projets sur place. Avec votre aide, nous faisons beaucoup de choses sur place.<\/p>\n<p>100 % coton en tissu africain cir\u00e9<\/p>\n","protected":false},"featured_media":6006,"comment_status":"closed","ping_status":"closed","template":"","meta":{"_price":"50","_stock":"","_tribe_ticket_header":"","_tribe_default_ticket_provider":"","_tribe_ticket_capacity":"","_ticket_start_date":"","_ticket_end_date":"","_tribe_ticket_show_description":"","_tribe_ticket_show_not_going":false,"_tribe_ticket_use_global_stock":"","_tribe_ticket_global_stock_level":"","_global_stock_mode":"","_global_stock_cap":"","_tribe_rsvp_for_event":"","_tribe_ticket_going_count":"","_tribe_ticket_not_going_count":"","_tribe_tickets_list":"[]","_tribe_ticket_has_attendee_info_fields":false,"_tec_slr_enabled":"","_tec_slr_layout":""},"product_brand":[],"product_cat":[518],"product_tag":[347,517,515,516,402],"class_list":{"0":"post-17567","1":"product","2":"type-product","3":"status-publish","4":"has-post-thumbnail","6":"product_cat-vestes-manteaux-pantalons","7":"product_tag-afrique","8":"product_tag-partie-superieure","9":"product_tag-tissu-de-cire","10":"product_tag-veste","11":"product_tag-veste-college","13":"first","14":"instock","15":"purchasable","16":"product-type-simple"},"_links":{"self":[{"href":"https:\/\/coolstyle.ch\/fr\/wp-json\/wp\/v2\/product\/17567","targetHints":{"allow":["GET"]}}],"collection":[{"href":"https:\/\/coolstyle.ch\/fr\/wp-json\/wp\/v2\/product"}],"about":[{"href":"https:\/\/coolstyle.ch\/fr\/wp-json\/wp\/v2\/types\/product"}],"replies":[{"embeddable":true,"href":"https:\/\/coolstyle.ch\/fr\/wp-json\/wp\/v2\/comments?post=17567"}],"wp:featuredmedia":[{"embeddable":true,"href":"https:\/\/coolstyle.ch\/fr\/wp-json\/wp\/v2\/media\/6006"}],"wp:attachment":[{"href":"https:\/\/coolstyle.ch\/fr\/wp-json\/wp\/v2\/media?parent=17567"}],"wp:term":[{"taxonomy":"product_brand","embeddable":true,"href":"https:\/\/coolstyle.ch\/fr\/wp-json\/wp\/v2\/product_brand?post=17567"},{"taxonomy":"product_cat","embeddable":true,"href":"https:\/\/coolstyle.ch\/fr\/wp-json\/wp\/v2\/product_cat?post=17567"},{"taxonomy":"product_tag","embeddable":true,"href":"https:\/\/coolstyle.ch\/fr\/wp-json\/wp\/v2\/product_tag?post=17567"}],"curies":[{"name":"wp","href":"https:\/\/api.w.org\/{rel}","templated":true}]}}