{"id":16706,"date":"2024-10-21T12:28:13","date_gmt":"2024-10-21T12:28:13","guid":{"rendered":"https:\/\/coolstyle.ch\/produkt\/linge-de-cuisine-ton-sur-ton\/"},"modified":"2024-10-21T12:28:13","modified_gmt":"2024-10-21T12:28:13","slug":"linge-de-cuisine-ton-sur-ton","status":"publish","type":"product","link":"https:\/\/coolstyle.ch\/fr\/produkt\/linge-de-cuisine-ton-sur-ton\/","title":{"rendered":"Linge de cuisine ton sur ton"},"content":{"rendered":"","protected":false},"excerpt":{"rendered":"<p>Les torchons de cuisine en tissu wax sont tr\u00e8s absorbants et donnent de la couleur \u00e0 toutes les cuisines. Un cadeau id\u00e9al \u00e0 rapporter. 45 x 60 cm 100 % Made for Africa  <\/p>\n<div id=\"page\">\n<div class=\"page-container\">\n<div class=\"columns-container clearfix\">\n<div id=\"columns\" class=\"container\">\n<div class=\"row\">\n<div class=\"large-left col-sm-12\">\n<div class=\"row\">\n<div id=\"center_column\" class=\"center_column col-xs-12 col-sm-12\">\n<div class=\"clearfix product-information\">\n<div class=\"tab-content col-sm-9 col-md-9 col-lg-9\">\n<div id=\"product-description-tab-content\" class=\"product-description-tab-content tab-pane active\">\n<div class=\"rte\">  100 % coton issu de tissus africains cir\u00e9s  <\/div>\n<\/div>\n<\/div>\n<\/div>\n<\/div>\n<\/div>\n<\/div>\n<\/div>\n<\/div>\n<\/div>\n<\/div>\n<\/div>\n","protected":false},"featured_media":16665,"comment_status":"closed","ping_status":"closed","template":"","meta":{"_price":"12","_stock":"","_tribe_ticket_header":"","_tribe_default_ticket_provider":"","_tribe_ticket_capacity":"5","_ticket_start_date":"","_ticket_end_date":"","_tribe_ticket_show_description":"","_tribe_ticket_show_not_going":false,"_tribe_ticket_use_global_stock":"","_tribe_ticket_global_stock_level":"","_global_stock_mode":"","_global_stock_cap":"","_tribe_rsvp_for_event":"","_tribe_ticket_going_count":"","_tribe_ticket_not_going_count":"","_tribe_tickets_list":"[]","_tribe_ticket_has_attendee_info_fields":false,"_tec_slr_enabled":"","_tec_slr_layout":""},"product_brand":[],"product_cat":[510],"product_tag":[347,505,506,504,507],"class_list":{"0":"post-16706","1":"product","2":"type-product","3":"status-publish","4":"has-post-thumbnail","6":"product_cat-linge-de-cuisine","7":"product_tag-afrique","8":"product_tag-cuisine","9":"product_tag-cuisine-fr","10":"product_tag-linge-de-cuisine","11":"product_tag-poisson","13":"first","14":"instock","15":"purchasable","16":"product-type-simple"},"_links":{"self":[{"href":"https:\/\/coolstyle.ch\/fr\/wp-json\/wp\/v2\/product\/16706","targetHints":{"allow":["GET"]}}],"collection":[{"href":"https:\/\/coolstyle.ch\/fr\/wp-json\/wp\/v2\/product"}],"about":[{"href":"https:\/\/coolstyle.ch\/fr\/wp-json\/wp\/v2\/types\/product"}],"replies":[{"embeddable":true,"href":"https:\/\/coolstyle.ch\/fr\/wp-json\/wp\/v2\/comments?post=16706"}],"wp:featuredmedia":[{"embeddable":true,"href":"https:\/\/coolstyle.ch\/fr\/wp-json\/wp\/v2\/media\/16665"}],"wp:attachment":[{"href":"https:\/\/coolstyle.ch\/fr\/wp-json\/wp\/v2\/media?parent=16706"}],"wp:term":[{"taxonomy":"product_brand","embeddable":true,"href":"https:\/\/coolstyle.ch\/fr\/wp-json\/wp\/v2\/product_brand?post=16706"},{"taxonomy":"product_cat","embeddable":true,"href":"https:\/\/coolstyle.ch\/fr\/wp-json\/wp\/v2\/product_cat?post=16706"},{"taxonomy":"product_tag","embeddable":true,"href":"https:\/\/coolstyle.ch\/fr\/wp-json\/wp\/v2\/product_tag?post=16706"}],"curies":[{"name":"wp","href":"https:\/\/api.w.org\/{rel}","templated":true}]}}