{"id":16401,"date":"2024-10-13T10:24:26","date_gmt":"2024-10-13T10:24:26","guid":{"rendered":"https:\/\/coolstyle.ch\/?post_type=product&#038;p=16401"},"modified":"2024-10-13T10:26:40","modified_gmt":"2024-10-13T10:26:40","slug":"kuechentuch-crevettes","status":"publish","type":"product","link":"https:\/\/coolstyle.ch\/fr\/produkt\/kuechentuch-crevettes\/","title":{"rendered":"K\u00fcchentuch Crevettes"},"content":{"rendered":"","protected":false},"excerpt":{"rendered":"<p>Die K\u00fcchent\u00fccher aus Waxstoff sind sehr saugf\u00e4hig und geben Farbe in jede K\u00fcche. Ein ideales Mitbringsel.<\/p>\n<p>45 x 60 cm<\/p>\n<p>100 % Made for Africa<\/p>\n<div id=\"page\">\n<div class=\"page-container\">\n<div class=\"columns-container clearfix\">\n<div id=\"columns\" class=\"container\">\n<div class=\"row\">\n<div class=\"large-left col-sm-12\">\n<div class=\"row\">\n<div id=\"center_column\" class=\"center_column col-xs-12 col-sm-12\">\n<div class=\"clearfix product-information\">\n<div class=\"tab-content col-sm-9 col-md-9 col-lg-9\">\n<div id=\"product-description-tab-content\" class=\"product-description-tab-content tab-pane active\">\n<div class=\"rte\">\n<p>100 % Baumwolle aus afrikanischem Waxstoff<\/p>\n<\/div>\n<\/div>\n<\/div>\n<\/div>\n<\/div>\n<\/div>\n<\/div>\n<\/div>\n<\/div>\n<\/div>\n<\/div>\n<\/div>\n","protected":false},"featured_media":16404,"comment_status":"closed","ping_status":"closed","template":"","meta":{"_price":"12","_stock":null,"_tribe_ticket_header":"","_tribe_default_ticket_provider":"","_tribe_ticket_capacity":"","_ticket_start_date":"","_ticket_end_date":"","_tribe_ticket_show_description":"","_tribe_ticket_show_not_going":false,"_tribe_ticket_use_global_stock":"","_tribe_ticket_global_stock_level":"","_global_stock_mode":"","_global_stock_cap":"","_tribe_rsvp_for_event":"","_tribe_ticket_going_count":"","_tribe_ticket_not_going_count":"","_tribe_tickets_list":"[]","_tribe_ticket_has_attendee_info_fields":false,"_tec_slr_enabled":"","_tec_slr_layout":""},"product_brand":[],"product_cat":[171],"product_tag":[84,175,174,173,172],"class_list":{"0":"post-16401","1":"product","2":"type-product","3":"status-publish","4":"has-post-thumbnail","6":"product_cat-kuechentuecher","7":"product_tag-afrika","8":"product_tag-fisch","9":"product_tag-kochen","10":"product_tag-kueche","11":"product_tag-kuechentuch","13":"first","14":"instock","15":"purchasable","16":"product-type-simple"},"_links":{"self":[{"href":"https:\/\/coolstyle.ch\/fr\/wp-json\/wp\/v2\/product\/16401","targetHints":{"allow":["GET"]}}],"collection":[{"href":"https:\/\/coolstyle.ch\/fr\/wp-json\/wp\/v2\/product"}],"about":[{"href":"https:\/\/coolstyle.ch\/fr\/wp-json\/wp\/v2\/types\/product"}],"replies":[{"embeddable":true,"href":"https:\/\/coolstyle.ch\/fr\/wp-json\/wp\/v2\/comments?post=16401"}],"wp:featuredmedia":[{"embeddable":true,"href":"https:\/\/coolstyle.ch\/fr\/wp-json\/wp\/v2\/media\/16404"}],"wp:attachment":[{"href":"https:\/\/coolstyle.ch\/fr\/wp-json\/wp\/v2\/media?parent=16401"}],"wp:term":[{"taxonomy":"product_brand","embeddable":true,"href":"https:\/\/coolstyle.ch\/fr\/wp-json\/wp\/v2\/product_brand?post=16401"},{"taxonomy":"product_cat","embeddable":true,"href":"https:\/\/coolstyle.ch\/fr\/wp-json\/wp\/v2\/product_cat?post=16401"},{"taxonomy":"product_tag","embeddable":true,"href":"https:\/\/coolstyle.ch\/fr\/wp-json\/wp\/v2\/product_tag?post=16401"}],"curies":[{"name":"wp","href":"https:\/\/api.w.org\/{rel}","templated":true}]}}