{"id":15758,"date":"2024-06-13T19:01:12","date_gmt":"2024-06-13T19:01:12","guid":{"rendered":"https:\/\/coolstyle.ch\/produkt\/pantalon-bebe-moutarde-3-4-ans\/"},"modified":"2024-06-13T19:01:12","modified_gmt":"2024-06-13T19:01:12","slug":"pantalon-bebe-moutarde-3-4-ans","status":"publish","type":"product","link":"https:\/\/coolstyle.ch\/fr\/produkt\/pantalon-bebe-moutarde-3-4-ans\/","title":{"rendered":"Pantalon b\u00e9b\u00e9 moutarde 3-4 ans"},"content":{"rendered":"<ol>\n<li>\n<\/li>\n<\/ol>\n","protected":false},"excerpt":{"rendered":"<p>Les pantalons pour b\u00e9b\u00e9s sont disponibles en diverses couleurs et tailles. Les pi\u00e8ces sont produites \u00e0 Mbour au S\u00e9n\u00e9gal avec de petits producteurs ind\u00e9pendants.<\/p>\n<p>&nbsp;<\/p>\n<p>100 % coton en tissu africain cir\u00e9<\/p>\n<p>&nbsp;<\/p>\n","protected":false},"featured_media":15714,"comment_status":"closed","ping_status":"closed","template":"","meta":{"_price":"30","_stock":"","_tribe_ticket_header":"","_tribe_default_ticket_provider":"","_tribe_ticket_capacity":"0","_ticket_start_date":"","_ticket_end_date":"","_tribe_ticket_show_description":"","_tribe_ticket_show_not_going":false,"_tribe_ticket_use_global_stock":"","_tribe_ticket_global_stock_level":"","_global_stock_mode":"","_global_stock_cap":"","_tribe_rsvp_for_event":"","_tribe_ticket_going_count":"","_tribe_ticket_not_going_count":"","_tribe_tickets_list":"[]","_tribe_ticket_has_attendee_info_fields":false,"_tec_slr_enabled":"","_tec_slr_layout":""},"product_brand":[],"product_cat":[415],"product_tag":[347,351,640,353,642],"class_list":{"0":"post-15758","1":"product","2":"type-product","3":"status-publish","4":"has-post-thumbnail","6":"product_cat-bebe-et-enfants","7":"product_tag-afrique","8":"product_tag-baby-fr","9":"product_tag-enfants","10":"product_tag-pantalon-bebe","11":"product_tag-pantalon-pour-enfants","13":"first","14":"instock","15":"sold-individually","16":"purchasable","17":"product-type-simple"},"_links":{"self":[{"href":"https:\/\/coolstyle.ch\/fr\/wp-json\/wp\/v2\/product\/15758","targetHints":{"allow":["GET"]}}],"collection":[{"href":"https:\/\/coolstyle.ch\/fr\/wp-json\/wp\/v2\/product"}],"about":[{"href":"https:\/\/coolstyle.ch\/fr\/wp-json\/wp\/v2\/types\/product"}],"replies":[{"embeddable":true,"href":"https:\/\/coolstyle.ch\/fr\/wp-json\/wp\/v2\/comments?post=15758"}],"wp:featuredmedia":[{"embeddable":true,"href":"https:\/\/coolstyle.ch\/fr\/wp-json\/wp\/v2\/media\/15714"}],"wp:attachment":[{"href":"https:\/\/coolstyle.ch\/fr\/wp-json\/wp\/v2\/media?parent=15758"}],"wp:term":[{"taxonomy":"product_brand","embeddable":true,"href":"https:\/\/coolstyle.ch\/fr\/wp-json\/wp\/v2\/product_brand?post=15758"},{"taxonomy":"product_cat","embeddable":true,"href":"https:\/\/coolstyle.ch\/fr\/wp-json\/wp\/v2\/product_cat?post=15758"},{"taxonomy":"product_tag","embeddable":true,"href":"https:\/\/coolstyle.ch\/fr\/wp-json\/wp\/v2\/product_tag?post=15758"}],"curies":[{"name":"wp","href":"https:\/\/api.w.org\/{rel}","templated":true}]}}