{"id":14707,"date":"2023-09-07T18:03:26","date_gmt":"2023-09-07T18:03:26","guid":{"rendered":"https:\/\/coolstyle.ch\/?post_type=product&#038;p=14707"},"modified":"2023-09-09T16:48:08","modified_gmt":"2023-09-09T16:48:08","slug":"schal-la-douceur","status":"publish","type":"product","link":"https:\/\/coolstyle.ch\/fr\/produkt\/schal-la-douceur\/","title":{"rendered":"Schal la douceur"},"content":{"rendered":"","protected":false},"excerpt":{"rendered":"<p>Diese Schals von Coolstyle sind warm und f\u00fchlen sich sehr weich an. Ideal f\u00fcr die k\u00fchlen Tage.<\/p>\n<p>Format 70 x 200 cm<\/p>\n","protected":false},"featured_media":14743,"comment_status":"closed","ping_status":"closed","template":"","meta":{"_price":"60","_stock":null,"_tribe_ticket_header":"","_tribe_default_ticket_provider":"","_tribe_ticket_capacity":"","_ticket_start_date":"","_ticket_end_date":"","_tribe_ticket_show_description":"","_tribe_ticket_show_not_going":false,"_tribe_ticket_use_global_stock":"","_tribe_ticket_global_stock_level":"","_global_stock_mode":"","_global_stock_cap":"","_tribe_rsvp_for_event":"","_tribe_ticket_going_count":"","_tribe_ticket_not_going_count":"","_tribe_tickets_list":"[]","_tribe_ticket_has_attendee_info_fields":false,"_tec_slr_enabled":"","_tec_slr_layout":""},"product_brand":[],"product_cat":[168],"product_tag":[155,156,157],"class_list":{"0":"post-14707","1":"product","2":"type-product","3":"status-publish","4":"has-post-thumbnail","6":"product_cat-schals","7":"product_tag-foulards","8":"product_tag-haekeln","9":"product_tag-spitze","10":"product_shipping_class-kleine-produkte","12":"first","13":"instock","14":"featured","15":"purchasable","16":"product-type-simple"},"_links":{"self":[{"href":"https:\/\/coolstyle.ch\/fr\/wp-json\/wp\/v2\/product\/14707","targetHints":{"allow":["GET"]}}],"collection":[{"href":"https:\/\/coolstyle.ch\/fr\/wp-json\/wp\/v2\/product"}],"about":[{"href":"https:\/\/coolstyle.ch\/fr\/wp-json\/wp\/v2\/types\/product"}],"replies":[{"embeddable":true,"href":"https:\/\/coolstyle.ch\/fr\/wp-json\/wp\/v2\/comments?post=14707"}],"wp:featuredmedia":[{"embeddable":true,"href":"https:\/\/coolstyle.ch\/fr\/wp-json\/wp\/v2\/media\/14743"}],"wp:attachment":[{"href":"https:\/\/coolstyle.ch\/fr\/wp-json\/wp\/v2\/media?parent=14707"}],"wp:term":[{"taxonomy":"product_brand","embeddable":true,"href":"https:\/\/coolstyle.ch\/fr\/wp-json\/wp\/v2\/product_brand?post=14707"},{"taxonomy":"product_cat","embeddable":true,"href":"https:\/\/coolstyle.ch\/fr\/wp-json\/wp\/v2\/product_cat?post=14707"},{"taxonomy":"product_tag","embeddable":true,"href":"https:\/\/coolstyle.ch\/fr\/wp-json\/wp\/v2\/product_tag?post=14707"}],"curies":[{"name":"wp","href":"https:\/\/api.w.org\/{rel}","templated":true}]}}