{"id":14318,"date":"2021-02-06T18:37:02","date_gmt":"2021-02-06T18:37:02","guid":{"rendered":"https:\/\/coolstyle.ch\/produkt\/foulard-mix-chic\/"},"modified":"2025-10-19T13:08:29","modified_gmt":"2025-10-19T13:08:29","slug":"foulard-mix-chic","status":"publish","type":"product","link":"https:\/\/coolstyle.ch\/fr\/produkt\/foulard-mix-chic\/","title":{"rendered":"Foulard mix chic"},"content":{"rendered":"","protected":false},"excerpt":{"rendered":"<p>Ces foulards attirent tous les regards. Combin\u00e9s avec des jeans, des v\u00eatements unis ou m\u00eame avec des imprim\u00e9s pour les fashionistas, ils sont tout simplement superbes.<\/p>\n<p>Le bord est crochet\u00e9 \u00e0 la main ou cousu selon le mod\u00e8le.<\/p>\n<p>format 120 x 90 cm<\/p>\n","protected":false},"featured_media":9229,"comment_status":"closed","ping_status":"closed","template":"","meta":{"_price":"60","_stock":"","_tribe_ticket_header":"","_tribe_default_ticket_provider":"","_tribe_ticket_capacity":"","_ticket_start_date":"","_ticket_end_date":"","_tribe_ticket_show_description":"","_tribe_ticket_show_not_going":false,"_tribe_ticket_use_global_stock":"","_tribe_ticket_global_stock_level":"","_global_stock_mode":"","_global_stock_cap":"","_tribe_rsvp_for_event":"","_tribe_ticket_going_count":"","_tribe_ticket_not_going_count":"","_tribe_tickets_list":"[]","_tribe_ticket_has_attendee_info_fields":false,"_tec_slr_enabled":"","_tec_slr_layout":""},"product_brand":[],"product_cat":[367],"product_tag":[460,461,462],"class_list":{"0":"post-14318","1":"product","2":"type-product","3":"status-publish","4":"has-post-thumbnail","6":"product_cat-foulard","7":"product_tag-crochet-fr","8":"product_tag-foulards-fr","9":"product_tag-pointe","10":"product_shipping_class-petits-produits","12":"first","13":"instock","14":"featured","15":"purchasable","16":"product-type-simple"},"_links":{"self":[{"href":"https:\/\/coolstyle.ch\/fr\/wp-json\/wp\/v2\/product\/14318","targetHints":{"allow":["GET"]}}],"collection":[{"href":"https:\/\/coolstyle.ch\/fr\/wp-json\/wp\/v2\/product"}],"about":[{"href":"https:\/\/coolstyle.ch\/fr\/wp-json\/wp\/v2\/types\/product"}],"replies":[{"embeddable":true,"href":"https:\/\/coolstyle.ch\/fr\/wp-json\/wp\/v2\/comments?post=14318"}],"wp:featuredmedia":[{"embeddable":true,"href":"https:\/\/coolstyle.ch\/fr\/wp-json\/wp\/v2\/media\/9229"}],"wp:attachment":[{"href":"https:\/\/coolstyle.ch\/fr\/wp-json\/wp\/v2\/media?parent=14318"}],"wp:term":[{"taxonomy":"product_brand","embeddable":true,"href":"https:\/\/coolstyle.ch\/fr\/wp-json\/wp\/v2\/product_brand?post=14318"},{"taxonomy":"product_cat","embeddable":true,"href":"https:\/\/coolstyle.ch\/fr\/wp-json\/wp\/v2\/product_cat?post=14318"},{"taxonomy":"product_tag","embeddable":true,"href":"https:\/\/coolstyle.ch\/fr\/wp-json\/wp\/v2\/product_tag?post=14318"}],"curies":[{"name":"wp","href":"https:\/\/api.w.org\/{rel}","templated":true}]}}