{"id":14224,"date":"2021-10-31T18:16:11","date_gmt":"2021-10-31T18:16:11","guid":{"rendered":"https:\/\/coolstyle.ch\/produkt\/echarpe-fleurs-rose\/"},"modified":"2025-10-19T13:10:43","modified_gmt":"2025-10-19T13:10:43","slug":"echarpe-fleurs-rose","status":"publish","type":"product","link":"https:\/\/coolstyle.ch\/fr\/produkt\/echarpe-fleurs-rose\/","title":{"rendered":"\u00c9charpe fleurs rose"},"content":{"rendered":"","protected":false},"excerpt":{"rendered":"<p>Ces \u00e9charpes de Coolstyle sont chaudes et tr\u00e8s douces au toucher. Id\u00e9al pour les journ\u00e9es fra\u00eeches.<\/p>\n<p>format 70 x 200 cm<\/p>\n","protected":false},"featured_media":9298,"comment_status":"closed","ping_status":"closed","template":"","meta":{"_price":"60","_stock":"","_tribe_ticket_header":"","_tribe_default_ticket_provider":"","_tribe_ticket_capacity":"0","_ticket_start_date":"","_ticket_end_date":"","_tribe_ticket_show_description":"","_tribe_ticket_show_not_going":false,"_tribe_ticket_use_global_stock":"","_tribe_ticket_global_stock_level":"","_global_stock_mode":"","_global_stock_cap":"","_tribe_rsvp_for_event":"","_tribe_ticket_going_count":"","_tribe_ticket_not_going_count":"","_tribe_tickets_list":"[]","_tribe_ticket_has_attendee_info_fields":false,"_tec_slr_enabled":"","_tec_slr_layout":""},"product_brand":[],"product_cat":[379],"product_tag":[460,461,462],"class_list":{"0":"post-14224","1":"product","2":"type-product","3":"status-publish","4":"has-post-thumbnail","6":"product_cat-echarpes","7":"product_tag-crochet-fr","8":"product_tag-foulards-fr","9":"product_tag-pointe","10":"product_shipping_class-petits-produits","12":"first","13":"instock","14":"featured","15":"purchasable","16":"product-type-simple"},"_links":{"self":[{"href":"https:\/\/coolstyle.ch\/fr\/wp-json\/wp\/v2\/product\/14224","targetHints":{"allow":["GET"]}}],"collection":[{"href":"https:\/\/coolstyle.ch\/fr\/wp-json\/wp\/v2\/product"}],"about":[{"href":"https:\/\/coolstyle.ch\/fr\/wp-json\/wp\/v2\/types\/product"}],"replies":[{"embeddable":true,"href":"https:\/\/coolstyle.ch\/fr\/wp-json\/wp\/v2\/comments?post=14224"}],"wp:featuredmedia":[{"embeddable":true,"href":"https:\/\/coolstyle.ch\/fr\/wp-json\/wp\/v2\/media\/9298"}],"wp:attachment":[{"href":"https:\/\/coolstyle.ch\/fr\/wp-json\/wp\/v2\/media?parent=14224"}],"wp:term":[{"taxonomy":"product_brand","embeddable":true,"href":"https:\/\/coolstyle.ch\/fr\/wp-json\/wp\/v2\/product_brand?post=14224"},{"taxonomy":"product_cat","embeddable":true,"href":"https:\/\/coolstyle.ch\/fr\/wp-json\/wp\/v2\/product_cat?post=14224"},{"taxonomy":"product_tag","embeddable":true,"href":"https:\/\/coolstyle.ch\/fr\/wp-json\/wp\/v2\/product_tag?post=14224"}],"curies":[{"name":"wp","href":"https:\/\/api.w.org\/{rel}","templated":true}]}}