{"id":14156,"date":"2023-04-30T18:38:14","date_gmt":"2023-04-30T18:38:14","guid":{"rendered":"https:\/\/coolstyle.ch\/produkt\/a1-tracksuit-roots-marron-sable\/"},"modified":"2023-04-30T18:38:14","modified_gmt":"2023-04-30T18:38:14","slug":"a1-tracksuit-roots-sandbrun","status":"publish","type":"product","link":"https:\/\/coolstyle.ch\/fr\/produkt\/a1-tracksuit-roots-sandbrun\/","title":{"rendered":"A1 Tracksuit Roots marron sable"},"content":{"rendered":"","protected":false},"excerpt":{"rendered":"<p>Tracksuit Roots<\/p>\n<p>100% coton extra \u00e9pais 470g<\/p>\n<p>Ce sweat \u00e0 capuche est exactement ce qu&rsquo;il faut pour rester au chaud. Les \u00e9paules recoup\u00e9es lui donnent un aspect d\u00e9contract\u00e9 et les bordures c\u00f4tel\u00e9es aux manches et \u00e0 l&rsquo;ourlet le rendent confortable \u00e0 porter. La poche kangourou est non seulement pratique pour ranger des petites choses, mais aussi pour r\u00e9chauffer ses mains les jours particuli\u00e8rement froids.<\/p>\n<p>Preoder now : livraison jusqu&rsquo;\u00e0 fin mai 2023<\/p>\n","protected":false},"featured_media":9667,"comment_status":"closed","ping_status":"closed","template":"","meta":{"_price":"159","_stock":"","_tribe_ticket_header":"","_tribe_default_ticket_provider":"","_tribe_ticket_capacity":"0","_ticket_start_date":"","_ticket_end_date":"","_tribe_ticket_show_description":"","_tribe_ticket_show_not_going":false,"_tribe_ticket_use_global_stock":"","_tribe_ticket_global_stock_level":"","_global_stock_mode":"","_global_stock_cap":"","_tribe_rsvp_for_event":"","_tribe_ticket_going_count":"","_tribe_ticket_not_going_count":"","_tribe_tickets_list":"[]","_tribe_ticket_has_attendee_info_fields":false,"_tec_slr_enabled":"","_tec_slr_layout":""},"product_brand":[],"product_cat":[416],"product_tag":[347,417,420,419,421,750,418,422],"class_list":{"0":"post-14156","1":"product","2":"type-product","3":"status-publish","4":"has-post-thumbnail","6":"product_cat-hoodies-t-shirt-fr","7":"product_tag-afrique","8":"product_tag-hoodie-fr","9":"product_tag-jogging-fr","10":"product_tag-pantalon","11":"product_tag-pantalon-dentrainement","12":"product_tag-survetement","13":"product_tag-trainer-fr","14":"product_tag-veste-de-trainer","16":"first","17":"instock","18":"purchasable","19":"product-type-variable"},"_links":{"self":[{"href":"https:\/\/coolstyle.ch\/fr\/wp-json\/wp\/v2\/product\/14156","targetHints":{"allow":["GET"]}}],"collection":[{"href":"https:\/\/coolstyle.ch\/fr\/wp-json\/wp\/v2\/product"}],"about":[{"href":"https:\/\/coolstyle.ch\/fr\/wp-json\/wp\/v2\/types\/product"}],"replies":[{"embeddable":true,"href":"https:\/\/coolstyle.ch\/fr\/wp-json\/wp\/v2\/comments?post=14156"}],"wp:featuredmedia":[{"embeddable":true,"href":"https:\/\/coolstyle.ch\/fr\/wp-json\/wp\/v2\/media\/9667"}],"wp:attachment":[{"href":"https:\/\/coolstyle.ch\/fr\/wp-json\/wp\/v2\/media?parent=14156"}],"wp:term":[{"taxonomy":"product_brand","embeddable":true,"href":"https:\/\/coolstyle.ch\/fr\/wp-json\/wp\/v2\/product_brand?post=14156"},{"taxonomy":"product_cat","embeddable":true,"href":"https:\/\/coolstyle.ch\/fr\/wp-json\/wp\/v2\/product_cat?post=14156"},{"taxonomy":"product_tag","embeddable":true,"href":"https:\/\/coolstyle.ch\/fr\/wp-json\/wp\/v2\/product_tag?post=14156"}],"curies":[{"name":"wp","href":"https:\/\/api.w.org\/{rel}","templated":true}]}}