{"id":14117,"date":"2023-05-07T10:21:10","date_gmt":"2023-05-07T10:21:10","guid":{"rendered":"https:\/\/coolstyle.ch\/produkt\/veste-bomber-bogolan-traditonel-l-xl\/"},"modified":"2023-05-07T10:21:10","modified_gmt":"2023-05-07T10:21:10","slug":"veste-bomber-bogolan-traditonel-l-xl","status":"publish","type":"product","link":"https:\/\/coolstyle.ch\/fr\/produkt\/veste-bomber-bogolan-traditonel-l-xl\/","title":{"rendered":"Veste Bomber Bogolan traditonel L\/XL"},"content":{"rendered":"","protected":false},"excerpt":{"rendered":"<p>Le bogolan est un tissu traditionnel d&rsquo;Afrique de l&rsquo;Ouest, fabriqu\u00e9 \u00e0 partir de coton tiss\u00e9 \u00e0 la main et g\u00e9n\u00e9ralement teint\u00e9 avec des colorants naturels comme l&rsquo;indigo. Le tissu est souvent imprim\u00e9 de motifs symboliques repr\u00e9sentant des \u00e9v\u00e9nements ou des messages importants.<\/p>\n<p>Une veste bogolan doubl\u00e9e peut convenir pour des conditions m\u00e9t\u00e9orologiques plus froides, et une doublure en tissu cir\u00e9 peut offrir une couche de protection suppl\u00e9mentaire. Les tissus cir\u00e9s sont souvent imperm\u00e9ables et durables et peuvent \u00eatre fabriqu\u00e9s \u00e0 partir de coton ou d&rsquo;autres mat\u00e9riaux. Souvent appel\u00e9es \u00ab\u00a0wax prints\u00a0\u00bb, elles sont tr\u00e8s populaires dans de nombreux pays d&rsquo;Afrique.<\/p>\n<p>Une veste bogolan doubl\u00e9e de tissu cir\u00e9 pourrait donc \u00eatre un choix \u00e9l\u00e9gant et fonctionnel pour l&rsquo;hiver ou les conditions m\u00e9t\u00e9orologiques plus froides, tout en rendant hommage \u00e0 l&rsquo;artisanat et \u00e0 la culture traditionnels d&rsquo;Afrique de l&rsquo;Ouest.<\/p>\n","protected":false},"featured_media":10269,"comment_status":"closed","ping_status":"closed","template":"","meta":{"_price":"250","_stock":"","_tribe_ticket_header":"","_tribe_default_ticket_provider":"","_tribe_ticket_capacity":"0","_ticket_start_date":"","_ticket_end_date":"","_tribe_ticket_show_description":"","_tribe_ticket_show_not_going":false,"_tribe_ticket_use_global_stock":"","_tribe_ticket_global_stock_level":"","_global_stock_mode":"","_global_stock_cap":"","_tribe_rsvp_for_event":"","_tribe_ticket_going_count":"","_tribe_ticket_not_going_count":"","_tribe_tickets_list":"[]","_tribe_ticket_has_attendee_info_fields":false,"_tec_slr_enabled":"","_tec_slr_layout":""},"product_brand":[],"product_cat":[518],"product_tag":[347,772,517,515,516,402],"class_list":{"0":"post-14117","1":"product","2":"type-product","3":"status-publish","4":"has-post-thumbnail","6":"product_cat-vestes-manteaux-pantalons","7":"product_tag-afrique","8":"product_tag-bogolan-fr","9":"product_tag-partie-superieure","10":"product_tag-tissu-de-cire","11":"product_tag-veste","12":"product_tag-veste-college","14":"first","15":"instock","16":"purchasable","17":"product-type-variable"},"_links":{"self":[{"href":"https:\/\/coolstyle.ch\/fr\/wp-json\/wp\/v2\/product\/14117","targetHints":{"allow":["GET"]}}],"collection":[{"href":"https:\/\/coolstyle.ch\/fr\/wp-json\/wp\/v2\/product"}],"about":[{"href":"https:\/\/coolstyle.ch\/fr\/wp-json\/wp\/v2\/types\/product"}],"replies":[{"embeddable":true,"href":"https:\/\/coolstyle.ch\/fr\/wp-json\/wp\/v2\/comments?post=14117"}],"wp:featuredmedia":[{"embeddable":true,"href":"https:\/\/coolstyle.ch\/fr\/wp-json\/wp\/v2\/media\/10269"}],"wp:attachment":[{"href":"https:\/\/coolstyle.ch\/fr\/wp-json\/wp\/v2\/media?parent=14117"}],"wp:term":[{"taxonomy":"product_brand","embeddable":true,"href":"https:\/\/coolstyle.ch\/fr\/wp-json\/wp\/v2\/product_brand?post=14117"},{"taxonomy":"product_cat","embeddable":true,"href":"https:\/\/coolstyle.ch\/fr\/wp-json\/wp\/v2\/product_cat?post=14117"},{"taxonomy":"product_tag","embeddable":true,"href":"https:\/\/coolstyle.ch\/fr\/wp-json\/wp\/v2\/product_tag?post=14117"}],"curies":[{"name":"wp","href":"https:\/\/api.w.org\/{rel}","templated":true}]}}