{"id":14100,"date":"2023-05-07T18:43:16","date_gmt":"2023-05-07T18:43:16","guid":{"rendered":"https:\/\/coolstyle.ch\/produkt\/veste-pour-enfants-bomber-bird-en-orange\/"},"modified":"2023-05-07T18:43:16","modified_gmt":"2023-05-07T18:43:16","slug":"veste-enfant-bomber-bird-in-orange","status":"publish","type":"product","link":"https:\/\/coolstyle.ch\/fr\/produkt\/veste-enfant-bomber-bird-in-orange\/","title":{"rendered":"Veste pour enfants Bomber bird en orange"},"content":{"rendered":"","protected":false},"excerpt":{"rendered":"<p>Le blouson bomber est un style classique et intemporel qui convient bien aux enfants de tous \u00e2ges. Il est dot\u00e9 d&rsquo;une fermeture \u00e0 glissi\u00e8re sur le devant, de poignets et d&rsquo;un ourlet, ainsi que de poches sur le c\u00f4t\u00e9. Le design peut \u00eatre facilement associ\u00e9 \u00e0 une grande vari\u00e9t\u00e9 de tenues et offre une mani\u00e8re confortable et \u00e9l\u00e9gante de garder les enfants au chaud.<\/p>\n<p>Dans l&rsquo;ensemble, un blouson bombardier pour enfants en tissu cir\u00e9 doubl\u00e9 peut \u00eatre un choix \u00e9l\u00e9gant et fonctionnel pour toutes les saisons, tout en cr\u00e9ant un lien avec l&rsquo;artisanat et la culture traditionnels d&rsquo;Afrique de l&rsquo;Ouest.<\/p>\n","protected":false},"featured_media":10559,"comment_status":"closed","ping_status":"closed","template":"","meta":{"_price":"","_stock":"","_tribe_ticket_header":"","_tribe_default_ticket_provider":"","_tribe_ticket_capacity":"0","_ticket_start_date":"","_ticket_end_date":"","_tribe_ticket_show_description":"","_tribe_ticket_show_not_going":false,"_tribe_ticket_use_global_stock":"","_tribe_ticket_global_stock_level":"","_global_stock_mode":"","_global_stock_cap":"","_tribe_rsvp_for_event":"","_tribe_ticket_going_count":"","_tribe_ticket_not_going_count":"","_tribe_tickets_list":"[]","_tribe_ticket_has_attendee_info_fields":false,"_tec_slr_enabled":"","_tec_slr_layout":""},"product_brand":[],"product_cat":[415],"product_tag":[347,746,417,420,419,421,745,418,422],"class_list":{"0":"post-14100","1":"product","2":"type-product","3":"status-publish","4":"has-post-thumbnail","6":"product_cat-bebe-et-enfants","7":"product_tag-afrique","8":"product_tag-chemise","9":"product_tag-hoodie-fr","10":"product_tag-jogging-fr","11":"product_tag-pantalon","12":"product_tag-pantalon-dentrainement","13":"product_tag-t-shirt-fr","14":"product_tag-trainer-fr","15":"product_tag-veste-de-trainer","17":"first","18":"outofstock","19":"product-type-variable"},"_links":{"self":[{"href":"https:\/\/coolstyle.ch\/fr\/wp-json\/wp\/v2\/product\/14100","targetHints":{"allow":["GET"]}}],"collection":[{"href":"https:\/\/coolstyle.ch\/fr\/wp-json\/wp\/v2\/product"}],"about":[{"href":"https:\/\/coolstyle.ch\/fr\/wp-json\/wp\/v2\/types\/product"}],"replies":[{"embeddable":true,"href":"https:\/\/coolstyle.ch\/fr\/wp-json\/wp\/v2\/comments?post=14100"}],"wp:featuredmedia":[{"embeddable":true,"href":"https:\/\/coolstyle.ch\/fr\/wp-json\/wp\/v2\/media\/10559"}],"wp:attachment":[{"href":"https:\/\/coolstyle.ch\/fr\/wp-json\/wp\/v2\/media?parent=14100"}],"wp:term":[{"taxonomy":"product_brand","embeddable":true,"href":"https:\/\/coolstyle.ch\/fr\/wp-json\/wp\/v2\/product_brand?post=14100"},{"taxonomy":"product_cat","embeddable":true,"href":"https:\/\/coolstyle.ch\/fr\/wp-json\/wp\/v2\/product_cat?post=14100"},{"taxonomy":"product_tag","embeddable":true,"href":"https:\/\/coolstyle.ch\/fr\/wp-json\/wp\/v2\/product_tag?post=14100"}],"curies":[{"name":"wp","href":"https:\/\/api.w.org\/{rel}","templated":true}]}}