{"id":14087,"date":"2023-05-29T17:02:17","date_gmt":"2023-05-29T17:02:17","guid":{"rendered":"https:\/\/coolstyle.ch\/produkt\/body-bebe-racines-fleur-de-mariage-bleu-beige\/"},"modified":"2023-05-29T17:02:17","modified_gmt":"2023-05-29T17:02:17","slug":"babybody-beige-roots-fleur-de-mariage-bleu","status":"publish","type":"product","link":"https:\/\/coolstyle.ch\/fr\/produkt\/babybody-beige-roots-fleur-de-mariage-bleu\/","title":{"rendered":"Body b\u00e9b\u00e9 Racines fleur de mariage bleu beige"},"content":{"rendered":"","protected":false},"excerpt":{"rendered":"<p>Body b\u00e9b\u00e9 100% coton avec imprim\u00e9 Afrique<\/p>\n<p>diverses tailles et couleurs<\/p>\n","protected":false},"featured_media":11015,"comment_status":"closed","ping_status":"closed","template":"","meta":{"_price":"25","_stock":"","_tribe_ticket_header":"","_tribe_default_ticket_provider":"","_tribe_ticket_capacity":"0","_ticket_start_date":"","_ticket_end_date":"","_tribe_ticket_show_description":"","_tribe_ticket_show_not_going":false,"_tribe_ticket_use_global_stock":"","_tribe_ticket_global_stock_level":"","_global_stock_mode":"","_global_stock_cap":"","_tribe_rsvp_for_event":"","_tribe_ticket_going_count":"","_tribe_ticket_not_going_count":"","_tribe_tickets_list":"[]","_tribe_ticket_has_attendee_info_fields":false,"_tec_slr_enabled":"","_tec_slr_layout":""},"product_brand":[],"product_cat":[415,780],"product_tag":[347,351,796,797,640],"class_list":{"0":"post-14087","1":"product","2":"type-product","3":"status-publish","4":"has-post-thumbnail","6":"product_cat-bebe-et-enfants","7":"product_cat-t-shirts-enfants","8":"product_tag-afrique","9":"product_tag-baby-fr","10":"product_tag-body-pour-bebe","11":"product_tag-corps","12":"product_tag-enfants","14":"first","15":"instock","16":"purchasable","17":"product-type-variable"},"_links":{"self":[{"href":"https:\/\/coolstyle.ch\/fr\/wp-json\/wp\/v2\/product\/14087","targetHints":{"allow":["GET"]}}],"collection":[{"href":"https:\/\/coolstyle.ch\/fr\/wp-json\/wp\/v2\/product"}],"about":[{"href":"https:\/\/coolstyle.ch\/fr\/wp-json\/wp\/v2\/types\/product"}],"replies":[{"embeddable":true,"href":"https:\/\/coolstyle.ch\/fr\/wp-json\/wp\/v2\/comments?post=14087"}],"wp:featuredmedia":[{"embeddable":true,"href":"https:\/\/coolstyle.ch\/fr\/wp-json\/wp\/v2\/media\/11015"}],"wp:attachment":[{"href":"https:\/\/coolstyle.ch\/fr\/wp-json\/wp\/v2\/media?parent=14087"}],"wp:term":[{"taxonomy":"product_brand","embeddable":true,"href":"https:\/\/coolstyle.ch\/fr\/wp-json\/wp\/v2\/product_brand?post=14087"},{"taxonomy":"product_cat","embeddable":true,"href":"https:\/\/coolstyle.ch\/fr\/wp-json\/wp\/v2\/product_cat?post=14087"},{"taxonomy":"product_tag","embeddable":true,"href":"https:\/\/coolstyle.ch\/fr\/wp-json\/wp\/v2\/product_tag?post=14087"}],"curies":[{"name":"wp","href":"https:\/\/api.w.org\/{rel}","templated":true}]}}