{"id":10529,"date":"2023-05-07T11:49:48","date_gmt":"2023-05-07T11:49:48","guid":{"rendered":"https:\/\/coolstyle.ch\/produkt\/kimono-rose-garden\/"},"modified":"2023-07-17T12:24:29","modified_gmt":"2023-07-17T12:24:29","slug":"kimono-rose-jardin","status":"publish","type":"product","link":"https:\/\/coolstyle.ch\/fr\/produkt\/kimono-rose-jardin\/","title":{"rendered":"Roseraie kimono"},"content":{"rendered":"","protected":false},"excerpt":{"rendered":"<p>Un kimono en tissu wax africain est une combinaison magnifique et unique. Le kimono est un v\u00eatement traditionnel japonais, souvent fait de tissus soyeux, qui tombe g\u00e9n\u00e9ralement de mani\u00e8re ample et fluide autour du corps.<\/p>\n<p>Le tissu africain wax, \u00e9galement connu sous le nom de \u00ab\u00a0Wax Prints\u00a0\u00bb, est un tissu de coton color\u00e9 imprim\u00e9 avec de la cire. Il est tr\u00e8s populaire dans de nombreux pays africains et a une histoire riche et une grande importance dans la culture africaine.<\/p>\n<p>La combinaison de ces deux \u00e9l\u00e9ments permet de cr\u00e9er un kimono unique qui associe les traditions culturelles des deux r\u00e9gions. Le tissu wax africain permet d&rsquo;ajouter des couleurs et des motifs au kimono et d&rsquo;interpr\u00e9ter le style traditionnel du v\u00eatement d&rsquo;une mani\u00e8re nouvelle et passionnante.<\/p>\n<p>Le kimono africain en tissu wax peut \u00e9galement \u00eatre port\u00e9 comme une pi\u00e8ce d&rsquo;apparat qui c\u00e9l\u00e8bre la diversit\u00e9 et la beaut\u00e9 des cultures du monde entier.<\/p>\n<p>Taille &#8211; Taille unique &#8211; TA  <\/p>\n","protected":false},"featured_media":10339,"comment_status":"closed","ping_status":"closed","template":"","meta":{"_price":"98","_stock":"","_tribe_ticket_header":"","_tribe_default_ticket_provider":"","_tribe_ticket_capacity":"0","_ticket_start_date":"","_ticket_end_date":"","_tribe_ticket_show_description":"","_tribe_ticket_show_not_going":false,"_tribe_ticket_use_global_stock":"","_tribe_ticket_global_stock_level":"","_global_stock_mode":"","_global_stock_cap":"","_tribe_rsvp_for_event":"","_tribe_ticket_going_count":"","_tribe_ticket_not_going_count":"","_tribe_tickets_list":"[]","_tribe_ticket_has_attendee_info_fields":false,"_tec_slr_enabled":"","_tec_slr_layout":""},"product_brand":[],"product_cat":[777],"product_tag":[],"class_list":{"0":"post-10529","1":"product","2":"type-product","3":"status-publish","4":"has-post-thumbnail","6":"product_cat-kimono-fr-2","8":"first","9":"instock","10":"purchasable","11":"product-type-simple"},"_links":{"self":[{"href":"https:\/\/coolstyle.ch\/fr\/wp-json\/wp\/v2\/product\/10529","targetHints":{"allow":["GET"]}}],"collection":[{"href":"https:\/\/coolstyle.ch\/fr\/wp-json\/wp\/v2\/product"}],"about":[{"href":"https:\/\/coolstyle.ch\/fr\/wp-json\/wp\/v2\/types\/product"}],"replies":[{"embeddable":true,"href":"https:\/\/coolstyle.ch\/fr\/wp-json\/wp\/v2\/comments?post=10529"}],"wp:featuredmedia":[{"embeddable":true,"href":"https:\/\/coolstyle.ch\/fr\/wp-json\/wp\/v2\/media\/10339"}],"wp:attachment":[{"href":"https:\/\/coolstyle.ch\/fr\/wp-json\/wp\/v2\/media?parent=10529"}],"wp:term":[{"taxonomy":"product_brand","embeddable":true,"href":"https:\/\/coolstyle.ch\/fr\/wp-json\/wp\/v2\/product_brand?post=10529"},{"taxonomy":"product_cat","embeddable":true,"href":"https:\/\/coolstyle.ch\/fr\/wp-json\/wp\/v2\/product_cat?post=10529"},{"taxonomy":"product_tag","embeddable":true,"href":"https:\/\/coolstyle.ch\/fr\/wp-json\/wp\/v2\/product_tag?post=10529"}],"curies":[{"name":"wp","href":"https:\/\/api.w.org\/{rel}","templated":true}]}}