{"id":10516,"date":"2023-05-07T12:02:10","date_gmt":"2023-05-07T12:02:10","guid":{"rendered":"https:\/\/coolstyle.ch\/produkt\/kimono-la-fleur-de-loranger\/"},"modified":"2023-05-07T12:02:10","modified_gmt":"2023-05-07T12:02:10","slug":"kimono-la-fleur-de-lorangier","status":"publish","type":"product","link":"https:\/\/coolstyle.ch\/fr\/produkt\/kimono-la-fleur-de-lorangier\/","title":{"rendered":"Kimono la fleur de l&rsquo;oranger"},"content":{"rendered":"","protected":false},"excerpt":{"rendered":"<p>Un kimono avec un tissu africain en cire est une combinaison magnifique et unique. Le kimono est un v\u00eatement traditionnel japonais, souvent fabriqu\u00e9 \u00e0 partir de tissus soyeux, qui tombe g\u00e9n\u00e9ralement de mani\u00e8re l\u00e2che et fluide autour du corps.<\/p>\n<p>Le tissu africain Wax, \u00e9galement connu sous le nom de \u00ab\u00a0Wax Prints\u00a0\u00bb, est un tissu de coton color\u00e9 imprim\u00e9 avec de la cire. Il est tr\u00e8s populaire dans de nombreux pays d&rsquo;Afrique et a une histoire et une signification riches dans la culture africaine.<\/p>\n<p>Lorsque ces deux \u00e9l\u00e9ments sont combin\u00e9s, il est possible de cr\u00e9er un kimono unique qui allie les traditions culturelles des deux r\u00e9gions. Le tissu africain en cire peut ajouter de la couleur et des motifs au kimono et interpr\u00e9ter le style traditionnel du v\u00eatement d&rsquo;une mani\u00e8re nouvelle et passionnante.<\/p>\n<p>Le kimono en tissu africain cir\u00e9 peut \u00e9galement \u00eatre port\u00e9 comme une pi\u00e8ce de d\u00e9claration c\u00e9l\u00e9brant la diversit\u00e9 et la beaut\u00e9 des cultures du monde entier.<\/p>\n<p>Taille &#8211; Taille Unique &#8211; TA  <\/p>\n","protected":false},"featured_media":10345,"comment_status":"closed","ping_status":"closed","template":"","meta":{"_price":"98","_stock":"","_tribe_ticket_header":"","_tribe_default_ticket_provider":"","_tribe_ticket_capacity":"0","_ticket_start_date":"","_ticket_end_date":"","_tribe_ticket_show_description":"","_tribe_ticket_show_not_going":false,"_tribe_ticket_use_global_stock":"","_tribe_ticket_global_stock_level":"","_global_stock_mode":"","_global_stock_cap":"","_tribe_rsvp_for_event":"","_tribe_ticket_going_count":"","_tribe_ticket_not_going_count":"","_tribe_tickets_list":"[]","_tribe_ticket_has_attendee_info_fields":false,"_tec_slr_enabled":"","_tec_slr_layout":""},"product_brand":[],"product_cat":[777],"product_tag":[],"class_list":{"0":"post-10516","1":"product","2":"type-product","3":"status-publish","4":"has-post-thumbnail","6":"product_cat-kimono-fr-2","8":"first","9":"instock","10":"purchasable","11":"product-type-simple"},"_links":{"self":[{"href":"https:\/\/coolstyle.ch\/fr\/wp-json\/wp\/v2\/product\/10516","targetHints":{"allow":["GET"]}}],"collection":[{"href":"https:\/\/coolstyle.ch\/fr\/wp-json\/wp\/v2\/product"}],"about":[{"href":"https:\/\/coolstyle.ch\/fr\/wp-json\/wp\/v2\/types\/product"}],"replies":[{"embeddable":true,"href":"https:\/\/coolstyle.ch\/fr\/wp-json\/wp\/v2\/comments?post=10516"}],"wp:featuredmedia":[{"embeddable":true,"href":"https:\/\/coolstyle.ch\/fr\/wp-json\/wp\/v2\/media\/10345"}],"wp:attachment":[{"href":"https:\/\/coolstyle.ch\/fr\/wp-json\/wp\/v2\/media?parent=10516"}],"wp:term":[{"taxonomy":"product_brand","embeddable":true,"href":"https:\/\/coolstyle.ch\/fr\/wp-json\/wp\/v2\/product_brand?post=10516"},{"taxonomy":"product_cat","embeddable":true,"href":"https:\/\/coolstyle.ch\/fr\/wp-json\/wp\/v2\/product_cat?post=10516"},{"taxonomy":"product_tag","embeddable":true,"href":"https:\/\/coolstyle.ch\/fr\/wp-json\/wp\/v2\/product_tag?post=10516"}],"curies":[{"name":"wp","href":"https:\/\/api.w.org\/{rel}","templated":true}]}}