{"id":10504,"date":"2023-05-07T12:15:11","date_gmt":"2023-05-07T12:15:11","guid":{"rendered":"https:\/\/coolstyle.ch\/produkt\/lignes-et-points-de-kimono\/"},"modified":"2025-10-19T13:29:54","modified_gmt":"2025-10-19T13:29:54","slug":"kimono-lines-and-dots","status":"publish","type":"product","link":"https:\/\/coolstyle.ch\/fr\/produkt\/kimono-lines-and-dots\/","title":{"rendered":"Lignes et points de kimono"},"content":{"rendered":"","protected":false},"excerpt":{"rendered":"<p>Un kimono avec un tissu africain en cire est une combinaison magnifique et unique. Notre kimono en tissu africain cir\u00e9 est une combinaison unique de deux cultures tr\u00e8s diff\u00e9rentes. Le kimono, qui tombe g\u00e9n\u00e9ralement de mani\u00e8re l\u00e2che et fluide autour du corps, rencontre le tissu africain Wax, qui est imprim\u00e9 de mani\u00e8re color\u00e9e et multicolore et interpr\u00e8te le kimono d&rsquo;une mani\u00e8re nouvelle et excitante.<br \/>\nUne pi\u00e8ce de d\u00e9claration qui peut \u00eatre combin\u00e9e de mani\u00e8re polyvalente et qui c\u00e9l\u00e8bre la diversit\u00e9 et la beaut\u00e9 des cultures !<br \/>\nTaille &#8211; Taille Unique &#8211; TA (Correspond \u00e0 environ 40 &#8211; 44)<\/p>\n","protected":false},"featured_media":10354,"comment_status":"closed","ping_status":"closed","template":"","meta":{"_price":"98","_stock":"","_tribe_ticket_header":"","_tribe_default_ticket_provider":"","_tribe_ticket_capacity":"","_ticket_start_date":"","_ticket_end_date":"","_tribe_ticket_show_description":"","_tribe_ticket_show_not_going":false,"_tribe_ticket_use_global_stock":"","_tribe_ticket_global_stock_level":"","_global_stock_mode":"","_global_stock_cap":"","_tribe_rsvp_for_event":"","_tribe_ticket_going_count":"","_tribe_ticket_not_going_count":"","_tribe_tickets_list":"[]","_tribe_ticket_has_attendee_info_fields":false,"_tec_slr_enabled":"","_tec_slr_layout":""},"product_brand":[],"product_cat":[777],"product_tag":[766,764,515,765],"class_list":{"0":"post-10504","1":"product","2":"type-product","3":"status-publish","4":"has-post-thumbnail","6":"product_cat-kimono-fr-2","7":"product_tag-blouse-fr","8":"product_tag-kimono-fr","9":"product_tag-tissu-de-cire","10":"product_tag-waxprint-fr","12":"first","13":"instock","14":"purchasable","15":"product-type-simple"},"_links":{"self":[{"href":"https:\/\/coolstyle.ch\/fr\/wp-json\/wp\/v2\/product\/10504","targetHints":{"allow":["GET"]}}],"collection":[{"href":"https:\/\/coolstyle.ch\/fr\/wp-json\/wp\/v2\/product"}],"about":[{"href":"https:\/\/coolstyle.ch\/fr\/wp-json\/wp\/v2\/types\/product"}],"replies":[{"embeddable":true,"href":"https:\/\/coolstyle.ch\/fr\/wp-json\/wp\/v2\/comments?post=10504"}],"wp:featuredmedia":[{"embeddable":true,"href":"https:\/\/coolstyle.ch\/fr\/wp-json\/wp\/v2\/media\/10354"}],"wp:attachment":[{"href":"https:\/\/coolstyle.ch\/fr\/wp-json\/wp\/v2\/media?parent=10504"}],"wp:term":[{"taxonomy":"product_brand","embeddable":true,"href":"https:\/\/coolstyle.ch\/fr\/wp-json\/wp\/v2\/product_brand?post=10504"},{"taxonomy":"product_cat","embeddable":true,"href":"https:\/\/coolstyle.ch\/fr\/wp-json\/wp\/v2\/product_cat?post=10504"},{"taxonomy":"product_tag","embeddable":true,"href":"https:\/\/coolstyle.ch\/fr\/wp-json\/wp\/v2\/product_tag?post=10504"}],"curies":[{"name":"wp","href":"https:\/\/api.w.org\/{rel}","templated":true}]}}