{"id":7905,"date":"2013-08-11T19:22:53","date_gmt":"2013-08-11T19:22:53","guid":{"rendered":"https:\/\/coolstyle.ch\/contact\/"},"modified":"2025-11-30T19:21:13","modified_gmt":"2025-11-30T19:21:13","slug":"contact","status":"publish","type":"page","link":"https:\/\/coolstyle.ch\/fr\/contact\/","title":{"rendered":"Contact"},"content":{"rendered":"\n<div class=\"row\"  id=\"row-1453023634\">\n\n\n\t<div id=\"col-1647614946\" class=\"col small-12 large-12\"  >\n\t\t\t\t<div class=\"col-inner\"  >\n\t\t\t\n\t\t\t\n\n\t<div id=\"gap-2022226354\" class=\"gap-element clearfix\" style=\"display:block; height:auto;\">\n\t\t\n<style>\n#gap-2022226354 {\n  padding-top: 50px;\n}\n<\/style>\n\t<\/div>\n\t\n\n<div class=\"container section-title-container\" ><h3 class=\"section-title section-title-normal\"><b aria-hidden=\"true\"><\/b><span class=\"section-title-main\" >Contactez-nous<\/span><b aria-hidden=\"true\"><\/b><\/h3><\/div>\n\n\n<div class=\"wpcf7 no-js\" id=\"wpcf7-f23-o1\" lang=\"en-US\" dir=\"ltr\" data-wpcf7-id=\"23\">\n<div class=\"screen-reader-response\"><p role=\"status\" aria-live=\"polite\" aria-atomic=\"true\"><\/p> <ul><\/ul><\/div>\n<form action=\"\/fr\/wp-json\/wp\/v2\/pages\/7905#wpcf7-f23-o1\" method=\"post\" class=\"wpcf7-form init 143c1d22de3a cmatic-disconn cmatic-aud-0 cmatic-mapd0-0 cmatic-v097802 cmatic-sent-0 cmatic-total-0\" aria-label=\"Contact form\" novalidate=\"novalidate\" data-status=\"init\">\n<fieldset class=\"hidden-fields-container\"><input type=\"hidden\" name=\"_wpcf7\" value=\"23\" \/><input type=\"hidden\" name=\"_wpcf7_version\" value=\"6.1.5\" \/><input type=\"hidden\" name=\"_wpcf7_locale\" value=\"en_US\" \/><input type=\"hidden\" name=\"_wpcf7_unit_tag\" value=\"wpcf7-f23-o1\" \/><input type=\"hidden\" name=\"_wpcf7_container_post\" value=\"0\" \/><input type=\"hidden\" name=\"_wpcf7_posted_data_hash\" value=\"\" \/>\n<\/fieldset>\n<p>Ihr Name (Pflichtfeld)\n<\/p>\n<p><span class=\"wpcf7-form-control-wrap\" data-name=\"your-name\"><input size=\"40\" maxlength=\"400\" class=\"wpcf7-form-control wpcf7-text wpcf7-validates-as-required\" aria-required=\"true\" aria-invalid=\"false\" value=\"\" type=\"text\" name=\"your-name\" \/><\/span>\n<\/p>\n<p>Ihre E-Mail-Adresse (Pflichtfeld)\n<\/p>\n<p><span class=\"wpcf7-form-control-wrap\" data-name=\"your-email\"><input size=\"40\" maxlength=\"400\" class=\"wpcf7-form-control wpcf7-email wpcf7-validates-as-required wpcf7-text wpcf7-validates-as-email\" aria-required=\"true\" aria-invalid=\"false\" value=\"\" type=\"email\" name=\"your-email\" \/><\/span>\n<\/p>\n<p>Betreff\n<\/p>\n<p><span class=\"wpcf7-form-control-wrap\" data-name=\"your-subject\"><input size=\"40\" maxlength=\"400\" class=\"wpcf7-form-control wpcf7-text\" aria-invalid=\"false\" value=\"\" type=\"text\" name=\"your-subject\" \/><\/span>\n<\/p>\n<p>Ihre Nachricht\n<\/p>\n<p><span class=\"wpcf7-form-control-wrap\" data-name=\"your-message\"><textarea cols=\"40\" rows=\"10\" maxlength=\"2000\" class=\"wpcf7-form-control wpcf7-textarea\" aria-invalid=\"false\" name=\"your-message\"><\/textarea><\/span>\n<\/p>\n<p><input class=\"wpcf7-form-control wpcf7-submit has-spinner\" type=\"submit\" value=\"Senden\" \/>\n<\/p><div class=\"wpcf7-response-output\" aria-hidden=\"true\"><\/div>\n<\/form>\n<\/div>\n\n\n\n\t\t<\/div>\n\t\t\t\t\t<\/div>\n\n\t\n\n<\/div>\n<div class=\"row\"  id=\"row-655260874\">\n\n\n\t<div id=\"col-1778589912\" class=\"col medium-7 large-7\"  >\n\t\t\t\t<div class=\"col-inner\"  >\n\t\t\t\n\t\t\t\n\n<div class=\"container section-title-container\" ><h3 class=\"section-title section-title-normal\"><b aria-hidden=\"true\"><\/b><span class=\"section-title-main\" >Questions fr\u00e9quentes<\/span><b aria-hidden=\"true\"><\/b><\/h3><\/div>\n\n<p class=\"lead\">Quelques questions de votre part :<\/p>\n<div class=\"accordion\">\n\n\t<div id=\"accordion-2083560652\" class=\"accordion-item\">\n\t\t<a id=\"accordion-2083560652-label\" class=\"accordion-title plain\" href=\"#accordion-item-frais-d&#039;envoi\" aria-expanded=\"false\" aria-controls=\"accordion-2083560652-content\">\n\t\t\t<button class=\"toggle\" aria-label=\"Basculer\"><i class=\"icon-angle-down\" aria-hidden=\"true\"><\/i><\/button>\n\t\t\t<span>Frais d&#039;envoi<\/span>\n\t\t<\/a>\n\t\t<div id=\"accordion-2083560652-content\" class=\"accordion-inner\" aria-labelledby=\"accordion-2083560652-label\">\n\t\t\t\n\n<p>Nous facturons un forfait de 8.- pour les frais d&rsquo;envoi. Il s&rsquo;agit d&rsquo;une contribution \u00e0 l&#8217;emballage et aux frais de port.  &nbsp;<\/p>\n\n\t\t<\/div>\n\t<\/div>\n\t\n\t<div id=\"accordion-2118125627\" class=\"accordion-item\">\n\t\t<a id=\"accordion-2118125627-label\" class=\"accordion-title plain\" href=\"#accordion-item-possibilit\u00e9s-de-paiement\" aria-expanded=\"false\" aria-controls=\"accordion-2118125627-content\">\n\t\t\t<button class=\"toggle\" aria-label=\"Basculer\"><i class=\"icon-angle-down\" aria-hidden=\"true\"><\/i><\/button>\n\t\t\t<span>Possibilit\u00e9s de paiement<\/span>\n\t\t<\/a>\n\t\t<div id=\"accordion-2118125627-content\" class=\"accordion-inner\" aria-labelledby=\"accordion-2118125627-label\">\n\t\t\t\n\n<p>Chez nous, tu peux payer par virement postal, carte de cr\u00e9dit, Paypal ou Twint. Nous pr\u00e9f\u00e9rons bien s\u00fbr le virement postal, car il n&rsquo;y a pas de frais.&nbsp;<\/p>\n\n\t\t<\/div>\n\t<\/div>\n\t\n\t<div id=\"accordion-4177579488\" class=\"accordion-item\">\n\t\t<a id=\"accordion-4177579488-label\" class=\"accordion-title plain\" href=\"#accordion-item-ma-taille-de-confection-n&#039;est-pas-mentionn\u00e9e\" aria-expanded=\"false\" aria-controls=\"accordion-4177579488-content\">\n\t\t\t<button class=\"toggle\" aria-label=\"Basculer\"><i class=\"icon-angle-down\" aria-hidden=\"true\"><\/i><\/button>\n\t\t\t<span>Ma taille de confection n&#039;est pas mentionn\u00e9e<\/span>\n\t\t<\/a>\n\t\t<div id=\"accordion-4177579488-content\" class=\"accordion-inner\" aria-labelledby=\"accordion-4177579488-label\">\n\t\t\t\n\n<p>Nous ne disposons pas de toutes les tailles de tous les tissus. Nous ne faisons que quelques pi\u00e8ces par tissu. Nous pouvons volontiers essayer de retrouver ton tissu pr\u00e9f\u00e9r\u00e9 et de coudre ta pi\u00e8ce pr\u00e9f\u00e9r\u00e9e.<\/p>\n<p>Cela demande toutefois un peu de temps et de patience &#8211; mais nous le faisons volontiers.<\/p>\n\n\t\t<\/div>\n\t<\/div>\n\t\n\t<div id=\"accordion-199344862\" class=\"accordion-item\">\n\t\t<a id=\"accordion-199344862-label\" class=\"accordion-title plain\" href=\"#accordion-item-commande-sur-mesure\" aria-expanded=\"false\" aria-controls=\"accordion-199344862-content\">\n\t\t\t<button class=\"toggle\" aria-label=\"Basculer\"><i class=\"icon-angle-down\" aria-hidden=\"true\"><\/i><\/button>\n\t\t\t<span>Commande sur mesure<\/span>\n\t\t<\/a>\n\t\t<div id=\"accordion-199344862-content\" class=\"accordion-inner\" aria-labelledby=\"accordion-199344862-label\">\n\t\t\t\n\n<p>Bien entendu &#8211; nous produisons sur mesure. Le mieux est de nous envoyer un dessin avec les dimensions sur<a href=\"mailto:info@coolstyle.ch\"> info@coolstyle.ch<\/a> ou 076 319 21 13.<\/p>\n\n\t\t<\/div>\n\t<\/div>\n\t\n\t<div id=\"accordion-2293004069\" class=\"accordion-item\">\n\t\t<a id=\"accordion-2293004069-label\" class=\"accordion-title plain\" href=\"#accordion-item-que-signifie-ma-commande-pour-les-collaborateurs-de-coolstyle-au-s\u00e9n\u00e9gal-?\" aria-expanded=\"false\" aria-controls=\"accordion-2293004069-content\">\n\t\t\t<button class=\"toggle\" aria-label=\"Basculer\"><i class=\"icon-angle-down\" aria-hidden=\"true\"><\/i><\/button>\n\t\t\t<span>Que signifie ma commande pour les collaborateurs de Coolstyle au S\u00e9n\u00e9gal ?<\/span>\n\t\t<\/a>\n\t\t<div id=\"accordion-2293004069-content\" class=\"accordion-inner\" aria-labelledby=\"accordion-2293004069-label\">\n\t\t\t\n\n<p>Nous d\u00e9duisons du produit de la vente les frais de location et de transport. Nous r\u00e9investissons le reste dans de nouveaux produits. Notre objectif est de fournir du travail aux employ\u00e9s locaux tout au long de l&rsquo;ann\u00e9e. Cela n\u00e9cessite une bonne organisation et un financement solide.  <\/p>\n<p>Pour nos collaborateurs au S\u00e9n\u00e9gal, chaque commande est synonyme de travail et de r\u00e9mun\u00e9ration \u00e9quitable.  <\/p>\n\n\t\t<\/div>\n\t<\/div>\n\t\n\t<div id=\"accordion-2698446832\" class=\"accordion-item\">\n\t\t<a id=\"accordion-2698446832-label\" class=\"accordion-title plain\" href=\"#accordion-item-politique-de-retour-et-de-remboursement\" aria-expanded=\"false\" aria-controls=\"accordion-2698446832-content\">\n\t\t\t<button class=\"toggle\" aria-label=\"Basculer\"><i class=\"icon-angle-down\" aria-hidden=\"true\"><\/i><\/button>\n\t\t\t<span>Politique de retour et de remboursement<\/span>\n\t\t<\/a>\n\t\t<div id=\"accordion-2698446832-content\" class=\"accordion-inner\" aria-labelledby=\"accordion-2698446832-label\">\n\t\t\t\n\n<p>Si un article ne vous pla\u00eet pas, vous pouvez le retourner dans les 3 jours ouvrables. Nous vous ferons un bon d&rsquo;achat.<\/p>\n\n\t\t<\/div>\n\t<\/div>\n\t\n\n<\/div>\n\n\t\t<\/div>\n\t\t\t\t\t<\/div>\n\n\t\n\n\t<div id=\"col-2036431231\" class=\"col medium-5 large-5\"  >\n\t\t\t\t<div class=\"col-inner\"  >\n\t\t\t\n\t\t\t\n\n<div class=\"container section-title-container\" ><h3 class=\"section-title section-title-normal\"><b aria-hidden=\"true\"><\/b><span class=\"section-title-main\" >Envoyez-nous un e-mail<\/span><b aria-hidden=\"true\"><\/b><\/h3><\/div>\n\n<p>\u00c9cris-nous sur<a href=\"mailto:info@coolstyle.ch\">info@coolstyle.ch<\/a> ou 076 319 21 13<\/p>\n<p>Nous nous r\u00e9jouissons de recevoir ton message. <\/p>\n<p>\n\n\t\t<\/div>\n\t\t\t\t\t<\/div>\n\n\t\n\n<\/div>\n<p>&nbsp;<\/p>\n\n","protected":false},"excerpt":{"rendered":"","protected":false},"author":1,"featured_media":0,"parent":0,"menu_order":0,"comment_status":"closed","ping_status":"closed","template":"page-blank.php","meta":{"_price":"","_stock":"","_tribe_ticket_header":"","_tribe_default_ticket_provider":"","_tribe_ticket_capacity":"0","_ticket_start_date":"","_ticket_end_date":"","_tribe_ticket_show_description":"","_tribe_ticket_show_not_going":false,"_tribe_ticket_use_global_stock":"","_tribe_ticket_global_stock_level":"","_global_stock_mode":"","_global_stock_cap":"","_tribe_rsvp_for_event":"","_tribe_ticket_going_count":"","_tribe_ticket_not_going_count":"","_tribe_tickets_list":"[]","_tribe_ticket_has_attendee_info_fields":false,"footnotes":"","_tec_slr_enabled":"","_tec_slr_layout":""},"class_list":["post-7905","page","type-page","status-publish","hentry"],"ticketed":false,"_links":{"self":[{"href":"https:\/\/coolstyle.ch\/fr\/wp-json\/wp\/v2\/pages\/7905","targetHints":{"allow":["GET"]}}],"collection":[{"href":"https:\/\/coolstyle.ch\/fr\/wp-json\/wp\/v2\/pages"}],"about":[{"href":"https:\/\/coolstyle.ch\/fr\/wp-json\/wp\/v2\/types\/page"}],"author":[{"embeddable":true,"href":"https:\/\/coolstyle.ch\/fr\/wp-json\/wp\/v2\/users\/1"}],"replies":[{"embeddable":true,"href":"https:\/\/coolstyle.ch\/fr\/wp-json\/wp\/v2\/comments?post=7905"}],"version-history":[{"count":3,"href":"https:\/\/coolstyle.ch\/fr\/wp-json\/wp\/v2\/pages\/7905\/revisions"}],"predecessor-version":[{"id":18334,"href":"https:\/\/coolstyle.ch\/fr\/wp-json\/wp\/v2\/pages\/7905\/revisions\/18334"}],"wp:attachment":[{"href":"https:\/\/coolstyle.ch\/fr\/wp-json\/wp\/v2\/media?parent=7905"}],"curies":[{"name":"wp","href":"https:\/\/api.w.org\/{rel}","templated":true}]}}