{"id":7891,"date":"2013-08-11T19:06:15","date_gmt":"2013-08-11T19:06:15","guid":{"rendered":"https:\/\/coolstyle.ch\/a-propos-de\/"},"modified":"2026-04-26T15:39:41","modified_gmt":"2026-04-26T15:39:41","slug":"a-propos-de","status":"publish","type":"page","link":"https:\/\/coolstyle.ch\/fr\/a-propos-de\/","title":{"rendered":"\u00c0 propos de"},"content":{"rendered":"\n<div class=\"text-center\"><div class=\"is-divider divider clearfix\" style=\"max-width:55px;height:68px;\"><\/div><\/div>\n\n<div class=\"row\"  id=\"row-1334048611\">\n\n\n\t<div id=\"col-29902473\" class=\"col small-12 large-12\"  >\n\t\t\t\t<div class=\"col-inner\"  >\n\t\t\t\n\t\t\t\n\n<h1 class=\"lead\" style=\"text-align: center;\">\u00c0 propos de nous<\/h1>\n<p style=\"text-align: center;\">Nous sommes un label afro et mettons une plateforme \u00e0 la disposition des artistes africains.<\/p>\n<p style=\"text-align: center;\">Notre objectif est de proposer des produits int\u00e9ressants en provenance d&rsquo;Afrique, en mettant l&rsquo;accent sur le S\u00e9n\u00e9gal. L&rsquo;accent est toujours mis sur le style, la portabilit\u00e9, mais aussi sur l&rsquo;aspect social d&rsquo;une production durable et \u00e9quitable. Nous voulons offrir aux producteurs locaux des perspectives sur place.<\/p>\n<div class=\"text-center\"><div class=\"is-divider divider clearfix\" ><\/div><\/div>\n\n\n\t\t<\/div>\n\t\t\t\t\t<\/div>\n\n\t\n\n\t<div id=\"col-483719515\" class=\"col medium-3 small-12 large-3\"  >\n\t\t\t\t<div class=\"col-inner\"  >\n\t\t\t\n\t\t\t\n\n    <div class=\"box has-hover has-hover box-text-bottom\" >\n\n                  <div class=\"box-image \" style=\"width:80%;\">\n           <div class=\"box-image-inner image-cover\" style=\"border-radius:100%;padding-top:100%;\">\n              <img loading=\"lazy\" decoding=\"async\" width=\"1920\" height=\"2560\" src=\"https:\/\/coolstyle.ch\/wp-content\/uploads\/2020\/04\/IMG_5628-scaled.jpg\" class=\"attachment- size-\" alt=\"Sandra Truninger\" srcset=\"https:\/\/coolstyle.ch\/wp-content\/uploads\/2020\/04\/IMG_5628-scaled.jpg 1920w, https:\/\/coolstyle.ch\/wp-content\/uploads\/2020\/04\/IMG_5628-scaled-510x680.jpg 510w, https:\/\/coolstyle.ch\/wp-content\/uploads\/2020\/04\/IMG_5628-300x400.jpg 300w, https:\/\/coolstyle.ch\/wp-content\/uploads\/2020\/04\/IMG_5628-600x800.jpg 600w, https:\/\/coolstyle.ch\/wp-content\/uploads\/2020\/04\/IMG_5628-768x1024.jpg 768w, https:\/\/coolstyle.ch\/wp-content\/uploads\/2020\/04\/IMG_5628-1152x1536.jpg 1152w, https:\/\/coolstyle.ch\/wp-content\/uploads\/2020\/04\/IMG_5628-1536x2048.jpg 1536w\" sizes=\"auto, (max-width: 1920px) 100vw, 1920px\" \/>                         <\/div>\n          <\/div>\n         \n          <div class=\"box-text text-center\" >\n                <div class=\"box-text-inner\">\n                  <h4 class=\"uppercase\">\n                    <span class=\"person-name\">Sandra Truninger<\/span><br\/>\n                    <span class=\"person-title is-small thin-font op-7\">\n                      CEO \/ Fondatrice                    <\/span>\n                  <\/h4>\n\t\t\t\t\t<div class=\"social-icons follow-icons\" ><a href=\"https:\/\/www.facebook.com\/sandra.truninger\/\" target=\"_blank\" data-label=\"Facebook\" class=\"icon button circle is-outline tooltip facebook\" title=\"Nous suivre sur Facebook\" aria-label=\"Nous suivre sur Facebook\" rel=\"noopener nofollow\"><i class=\"icon-facebook\" aria-hidden=\"true\"><\/i><\/a><a href=\"mailto:info@coolstyle.ch\" data-label=\"E-mail\" target=\"_blank\" class=\"icon button circle is-outline tooltip email\" title=\"Nous envoyer un email\" aria-label=\"Nous envoyer un email\" rel=\"nofollow noopener\"><i class=\"icon-envelop\" aria-hidden=\"true\"><\/i><\/a><a href=\"tel:076 319 21 13\" data-label=\"Phone\" target=\"_blank\" class=\"icon button circle is-outline tooltip phone\" title=\"Appelez-nous\" aria-label=\"Appelez-nous\" rel=\"nofollow noopener\"><i class=\"icon-phone\" aria-hidden=\"true\"><\/i><\/a><a href=\"https:\/\/www.linkedin.com\/in\/sandra-truninger-007b4347\/\" data-label=\"LinkedIn\" target=\"_blank\" class=\"icon button circle is-outline tooltip linkedin\" title=\"Nous suivre sur LinkedIn\" aria-label=\"Nous suivre sur LinkedIn\" rel=\"noopener nofollow\"><i class=\"icon-linkedin\" aria-hidden=\"true\"><\/i><\/a><\/div>\n\n<p>Lost in Africa !<\/p>\n\n                <\/div>\n          <\/div>\n    <\/div>\n\n\t\n    \n\n\t\t<\/div>\n\t\t\t\t\t<\/div>\n\n\t\n\n\t<div id=\"col-211899056\" class=\"col medium-3 small-12 large-3\"  >\n\t\t\t\t<div class=\"col-inner\"  >\n\t\t\t\n\t\t\t\n\n    <div class=\"box has-hover has-hover box-text-bottom\" >\n\n                  <div class=\"box-image \" style=\"width:80%;\">\n           <div class=\"box-image-inner image-cover\" style=\"border-radius:100%;padding-top:100%;\">\n              <img loading=\"lazy\" decoding=\"async\" width=\"1920\" height=\"1435\" src=\"https:\/\/coolstyle.ch\/wp-content\/uploads\/2020\/04\/20190827_165004913_iOS-2-scaled-e1587133283971.jpg\" class=\"attachment- size-\" alt=\"\" srcset=\"https:\/\/coolstyle.ch\/wp-content\/uploads\/2020\/04\/20190827_165004913_iOS-2-scaled-e1587133283971.jpg 1920w, https:\/\/coolstyle.ch\/wp-content\/uploads\/2020\/04\/20190827_165004913_iOS-2-scaled-e1587133283971-510x381.jpg 510w, https:\/\/coolstyle.ch\/wp-content\/uploads\/2020\/04\/20190827_165004913_iOS-2-scaled-e1587133283971-535x400.jpg 535w, https:\/\/coolstyle.ch\/wp-content\/uploads\/2020\/04\/20190827_165004913_iOS-2-scaled-e1587133283971-1070x800.jpg 1070w, https:\/\/coolstyle.ch\/wp-content\/uploads\/2020\/04\/20190827_165004913_iOS-2-scaled-e1587133283971-768x574.jpg 768w, https:\/\/coolstyle.ch\/wp-content\/uploads\/2020\/04\/20190827_165004913_iOS-2-scaled-e1587133283971-1536x1148.jpg 1536w\" sizes=\"auto, (max-width: 1920px) 100vw, 1920px\" \/>                         <\/div>\n          <\/div>\n         \n          <div class=\"box-text text-center\" >\n                <div class=\"box-text-inner\">\n                  <h4 class=\"uppercase\">\n                    <span class=\"person-name\">Nago Sene<\/span><br\/>\n                    <span class=\"person-title is-small thin-font op-7\">\n                      Stylisme et projets                    <\/span>\n                  <\/h4>\n\t\t\t\t\t<div class=\"social-icons follow-icons\" ><a href=\"https:\/\/www.facebook.com\/search\/top\/?q=Nago%20Sene\" target=\"_blank\" data-label=\"Facebook\" class=\"icon button circle is-outline tooltip facebook\" title=\"Nous suivre sur Facebook\" aria-label=\"Nous suivre sur Facebook\" rel=\"noopener nofollow\"><i class=\"icon-facebook\" aria-hidden=\"true\"><\/i><\/a><a href=\"https:\/\/www.instagram.com\/nagosene\/?hl=de\" target=\"_blank\" data-label=\"Instagram\" class=\"icon button circle is-outline tooltip instagram\" title=\"Nous suivre sur Instagram\" aria-label=\"Nous suivre sur Instagram\" rel=\"noopener nofollow\"><i class=\"icon-instagram\" aria-hidden=\"true\"><\/i><\/a><a href=\"tel:078 723 77 93\" data-label=\"Phone\" target=\"_blank\" class=\"icon button circle is-outline tooltip phone\" title=\"Appelez-nous\" aria-label=\"Appelez-nous\" rel=\"nofollow noopener\"><i class=\"icon-phone\" aria-hidden=\"true\"><\/i><\/a><\/div>\n\n<p>Rhythm for live !<\/p>\n\n                <\/div>\n          <\/div>\n    <\/div>\n\n\t\n    \n\n\t\t<\/div>\n\t\t\t\t\t<\/div>\n\n\t\n\n<\/div>\n\n\t<section class=\"section\" id=\"section_35205611\">\n\t\t<div class=\"section-bg fill\" >\n\t\t\t\t\t\t\t\t\t\n\t\t\t\n\n\t\t<\/div>\n\n\t\t\n\n\t\t<div class=\"section-content relative\">\n\t\t\t\n\n\n\t\t<\/div>\n\n\t\t\n<style>\n#section_35205611 {\n  padding-top: 38px;\n  padding-bottom: 38px;\n}\n<\/style>\n\t<\/section>\n\t\n\n","protected":false},"excerpt":{"rendered":"","protected":false},"author":1,"featured_media":0,"parent":0,"menu_order":0,"comment_status":"closed","ping_status":"closed","template":"page-transparent-header-light.php","meta":{"_price":"","_stock":"","_tribe_ticket_header":"","_tribe_default_ticket_provider":"","_tribe_ticket_capacity":"0","_ticket_start_date":"","_ticket_end_date":"","_tribe_ticket_show_description":"","_tribe_ticket_show_not_going":false,"_tribe_ticket_use_global_stock":"","_tribe_ticket_global_stock_level":"","_global_stock_mode":"","_global_stock_cap":"","_tribe_rsvp_for_event":"","_tribe_ticket_going_count":"","_tribe_ticket_not_going_count":"","_tribe_tickets_list":"[]","_tribe_ticket_has_attendee_info_fields":false,"footnotes":"","_tec_slr_enabled":"","_tec_slr_layout":""},"class_list":["post-7891","page","type-page","status-publish","hentry"],"ticketed":false,"_links":{"self":[{"href":"https:\/\/coolstyle.ch\/fr\/wp-json\/wp\/v2\/pages\/7891","targetHints":{"allow":["GET"]}}],"collection":[{"href":"https:\/\/coolstyle.ch\/fr\/wp-json\/wp\/v2\/pages"}],"about":[{"href":"https:\/\/coolstyle.ch\/fr\/wp-json\/wp\/v2\/types\/page"}],"author":[{"embeddable":true,"href":"https:\/\/coolstyle.ch\/fr\/wp-json\/wp\/v2\/users\/1"}],"replies":[{"embeddable":true,"href":"https:\/\/coolstyle.ch\/fr\/wp-json\/wp\/v2\/comments?post=7891"}],"version-history":[{"count":8,"href":"https:\/\/coolstyle.ch\/fr\/wp-json\/wp\/v2\/pages\/7891\/revisions"}],"predecessor-version":[{"id":19380,"href":"https:\/\/coolstyle.ch\/fr\/wp-json\/wp\/v2\/pages\/7891\/revisions\/19380"}],"wp:attachment":[{"href":"https:\/\/coolstyle.ch\/fr\/wp-json\/wp\/v2\/media?parent=7891"}],"curies":[{"name":"wp","href":"https:\/\/api.w.org\/{rel}","templated":true}]}}