{"id":10227,"date":"2023-05-05T09:34:18","date_gmt":"2023-05-05T09:34:18","guid":{"rendered":"https:\/\/coolstyle.ch\/livraison-et-collecte\/"},"modified":"2025-12-31T16:23:31","modified_gmt":"2025-12-31T16:23:31","slug":"livraison-et-collecte","status":"publish","type":"page","link":"https:\/\/coolstyle.ch\/fr\/livraison-et-collecte\/","title":{"rendered":"Livraison et collecte"},"content":{"rendered":"\n<h2 class=\"uppercase\">LIVRAISON<\/h2>\n<h3>Livraison sans frais de port dans toute la Suisse<\/h3>\n<p>L&rsquo;envoi de tous les produits et de toutes les commandes s&rsquo;effectue au prix de CHF 8.00 \u00e0 des adresses en Suisse et au Liechtenstein. Nous envoyons tous les produits de notre propre stock par la Poste suisse. En cas d&rsquo;envoi express, d&rsquo;autres prestataires de services peuvent \u00e9galement intervenir.<\/p>\n<h3>Command\u00e9 aujourd&rsquo;hui avant 15 heures, livr\u00e9 apr\u00e8s-demain<\/h3>\n<p>Pour tous les produits en stock dans notre entrep\u00f4t central, toutes les commandes pass\u00e9es avant 15 heures sont exp\u00e9di\u00e9es le lendemain et arrivent en r\u00e8gle g\u00e9n\u00e9rale (~95%) \u00e0 l&rsquo;adresse de livraison d\u00e8s le surlendemain.<\/p>\n<h3>D\u00e9poser des colis devant sa porte<\/h3>\n<p>En cas d&rsquo;absence, il peut arriver que la Poste d\u00e9pose le colis devant la porte d&rsquo;entr\u00e9e. Si un d\u00e9p\u00f4t n&rsquo;est pas souhait\u00e9, tu peux prendre contact au pr\u00e9alable avec la Poste par t\u00e9l\u00e9phone ou par e-mail (t\u00e9l. <a href=\"tel:0848%20888%20888\">0848 888 888<\/a>, mail <a href=\"mailto:kundendienst@post.ch\">kundendienst@post.ch)<\/a>. Les modifications correspondantes sont ensuite d\u00e9pos\u00e9es dans le syst\u00e8me de la Poste.<\/p>\n<h3>Livraison \u00e0 l&rsquo;\u00e9tranger<\/h3>\n<p>Les livraisons sont effectu\u00e9es dans le monde entier. Veuillez v\u00e9rifier au pr\u00e9alable les co\u00fbts et les d\u00e9tails par e-mail.<\/p>\n<h3>Dommages dus au transport<\/h3>\n<p>Veuillez v\u00e9rifier soigneusement le paquet \u00e0 sa r\u00e9ception et nous signaler imm\u00e9diatement tout dommage \u00e9ventuel.<\/p>\n\n\t<div id=\"gap-964643054\" class=\"gap-element clearfix\" style=\"display:block; height:auto;\">\n\t\t\n<style>\n#gap-964643054 {\n  padding-top: 50px;\n}\n<\/style>\n\t<\/div>\n\t\n\n<h1>ENLEVEMENT<\/h1>\n<h3>Entrep\u00f4t central principal de Dietikon<\/h3>\n<p>Les commandes peuvent \u00e9galement \u00eatre retir\u00e9es \u00e0 Dietikon (Suisse).<\/p>\n<h4>Adresse :<\/h4>\n<p>Coolstyle.ch (Sandra Truninger)<br>Birmensdorferstrasse 35<br>8953 Dietikon<\/p>\n\n\n","protected":false},"excerpt":{"rendered":"","protected":false},"author":1,"featured_media":0,"parent":0,"menu_order":0,"comment_status":"closed","ping_status":"closed","template":"","meta":{"_price":"","_stock":"","_tribe_ticket_header":"","_tribe_default_ticket_provider":"","_tribe_ticket_capacity":"0","_ticket_start_date":"","_ticket_end_date":"","_tribe_ticket_show_description":"","_tribe_ticket_show_not_going":false,"_tribe_ticket_use_global_stock":"","_tribe_ticket_global_stock_level":"","_global_stock_mode":"","_global_stock_cap":"","_tribe_rsvp_for_event":"","_tribe_ticket_going_count":"","_tribe_ticket_not_going_count":"","_tribe_tickets_list":"[]","_tribe_ticket_has_attendee_info_fields":false,"footnotes":"","_tec_slr_enabled":"","_tec_slr_layout":""},"class_list":["post-10227","page","type-page","status-publish","hentry"],"ticketed":false,"_links":{"self":[{"href":"https:\/\/coolstyle.ch\/fr\/wp-json\/wp\/v2\/pages\/10227","targetHints":{"allow":["GET"]}}],"collection":[{"href":"https:\/\/coolstyle.ch\/fr\/wp-json\/wp\/v2\/pages"}],"about":[{"href":"https:\/\/coolstyle.ch\/fr\/wp-json\/wp\/v2\/types\/page"}],"author":[{"embeddable":true,"href":"https:\/\/coolstyle.ch\/fr\/wp-json\/wp\/v2\/users\/1"}],"replies":[{"embeddable":true,"href":"https:\/\/coolstyle.ch\/fr\/wp-json\/wp\/v2\/comments?post=10227"}],"version-history":[{"count":2,"href":"https:\/\/coolstyle.ch\/fr\/wp-json\/wp\/v2\/pages\/10227\/revisions"}],"predecessor-version":[{"id":18422,"href":"https:\/\/coolstyle.ch\/fr\/wp-json\/wp\/v2\/pages\/10227\/revisions\/18422"}],"wp:attachment":[{"href":"https:\/\/coolstyle.ch\/fr\/wp-json\/wp\/v2\/media?parent=10227"}],"curies":[{"name":"wp","href":"https:\/\/api.w.org\/{rel}","templated":true}]}}