{"id":18093,"date":"2025-11-07T18:59:42","date_gmt":"2025-11-07T18:59:42","guid":{"rendered":"https:\/\/coolstyle.ch\/?post_type=product&#038;p=18093"},"modified":"2025-11-07T20:41:19","modified_gmt":"2025-11-07T20:41:19","slug":"shopper-coop-inside-black-stripes","status":"publish","type":"product","link":"https:\/\/coolstyle.ch\/en\/produkt\/shopper-coop-inside-black-stripes\/","title":{"rendered":"Shopper Coop inside BLACK stripes"},"content":{"rendered":"","protected":false},"excerpt":{"rendered":"<p>Jede Tasche ist ein Unikat und wurde im Senegal handgefertigt.<\/p>\n<p>In jede Tasche wurde eine original Coop PET Tasche eingen\u00e4ht. Darum k\u00f6nnen Sie mit dieser Tasche beliebig einkaufen gehen. Die Tasche h\u00e4lt auch einem gr\u00f6sseren Gewicht stand.<\/p>\n<p>&nbsp;<\/p>\n<p>Masse: 38 cm x 35 cm<\/p>\n","protected":false},"featured_media":18096,"comment_status":"closed","ping_status":"closed","template":"","meta":{"_price":"50","_stock":null,"_tribe_ticket_header":"","_tribe_default_ticket_provider":"","_tribe_ticket_capacity":"0","_ticket_start_date":"","_ticket_end_date":"","_tribe_ticket_show_description":"","_tribe_ticket_show_not_going":false,"_tribe_ticket_use_global_stock":"","_tribe_ticket_global_stock_level":"","_global_stock_mode":"","_global_stock_cap":"","_tribe_rsvp_for_event":"","_tribe_ticket_going_count":"","_tribe_ticket_not_going_count":"","_tribe_tickets_list":"[]","_tribe_ticket_has_attendee_info_fields":false,"_tec_slr_enabled":"","_tec_slr_layout":""},"product_brand":[],"product_cat":[921,28],"product_tag":[922,138,136,139,137],"class_list":{"0":"post-18093","1":"product","2":"type-product","3":"status-publish","4":"has-post-thumbnail","6":"product_cat-black","7":"product_cat-taschen-und-rucksaecke","8":"product_tag-coolstyle-black","9":"product_tag-coop","10":"product_tag-pet","11":"product_tag-recycle","12":"product_tag-upcycle","14":"first","15":"instock","16":"purchasable","17":"product-type-simple"},"_links":{"self":[{"href":"https:\/\/coolstyle.ch\/en\/wp-json\/wp\/v2\/product\/18093","targetHints":{"allow":["GET"]}}],"collection":[{"href":"https:\/\/coolstyle.ch\/en\/wp-json\/wp\/v2\/product"}],"about":[{"href":"https:\/\/coolstyle.ch\/en\/wp-json\/wp\/v2\/types\/product"}],"replies":[{"embeddable":true,"href":"https:\/\/coolstyle.ch\/en\/wp-json\/wp\/v2\/comments?post=18093"}],"wp:featuredmedia":[{"embeddable":true,"href":"https:\/\/coolstyle.ch\/en\/wp-json\/wp\/v2\/media\/18096"}],"wp:attachment":[{"href":"https:\/\/coolstyle.ch\/en\/wp-json\/wp\/v2\/media?parent=18093"}],"wp:term":[{"taxonomy":"product_brand","embeddable":true,"href":"https:\/\/coolstyle.ch\/en\/wp-json\/wp\/v2\/product_brand?post=18093"},{"taxonomy":"product_cat","embeddable":true,"href":"https:\/\/coolstyle.ch\/en\/wp-json\/wp\/v2\/product_cat?post=18093"},{"taxonomy":"product_tag","embeddable":true,"href":"https:\/\/coolstyle.ch\/en\/wp-json\/wp\/v2\/product_tag?post=18093"}],"curies":[{"name":"wp","href":"https:\/\/api.w.org\/{rel}","templated":true}]}}