{"id":17618,"date":"2023-11-05T14:43:28","date_gmt":"2023-11-05T14:43:28","guid":{"rendered":"https:\/\/coolstyle.ch\/produkt\/pantalon-bebe-black-and-white-9-12-mois\/"},"modified":"2023-11-05T14:43:28","modified_gmt":"2023-11-05T14:43:28","slug":"pantalon-bebe-black-and-white-9-12-mois","status":"publish","type":"product","link":"https:\/\/coolstyle.ch\/en\/produkt\/pantalon-bebe-black-and-white-9-12-mois\/","title":{"rendered":"Pantalon b\u00e9b\u00e9 black and white 9-12 mois"},"content":{"rendered":"","protected":false},"excerpt":{"rendered":"<p>Les pantalons pour b\u00e9b\u00e9s sont disponibles en diverses couleurs et tailles. Les pi\u00e8ces sont produites \u00e0 Mbour au S\u00e9n\u00e9gal avec de petits producteurs ind\u00e9pendants. <\/p>\n<p>&nbsp;<\/p>\n<p>100 % coton en tissu africain cir\u00e9<\/p>\n<p>&nbsp;<\/p>\n","protected":false},"featured_media":14998,"comment_status":"closed","ping_status":"closed","template":"","meta":{"_price":"30","_stock":"","_tribe_ticket_header":"","_tribe_default_ticket_provider":"","_tribe_ticket_capacity":"0","_ticket_start_date":"","_ticket_end_date":"","_tribe_ticket_show_description":"","_tribe_ticket_show_not_going":false,"_tribe_ticket_use_global_stock":"","_tribe_ticket_global_stock_level":"","_global_stock_mode":"","_global_stock_cap":"","_tribe_rsvp_for_event":"","_tribe_ticket_going_count":"","_tribe_ticket_not_going_count":"","_tribe_tickets_list":"[]","_tribe_ticket_has_attendee_info_fields":false,"_tec_slr_enabled":"","_tec_slr_layout":""},"product_brand":[],"product_cat":[403],"product_tag":[346,350,352,639,641],"class_list":{"0":"post-17618","1":"product","2":"type-product","3":"status-publish","4":"has-post-thumbnail","6":"product_cat-baby-and-kids","7":"product_tag-africa","8":"product_tag-baby-en","9":"product_tag-babypants","10":"product_tag-kids","11":"product_tag-kids-pants","13":"first","14":"instock","15":"sold-individually","16":"purchasable","17":"product-type-simple"},"_links":{"self":[{"href":"https:\/\/coolstyle.ch\/en\/wp-json\/wp\/v2\/product\/17618","targetHints":{"allow":["GET"]}}],"collection":[{"href":"https:\/\/coolstyle.ch\/en\/wp-json\/wp\/v2\/product"}],"about":[{"href":"https:\/\/coolstyle.ch\/en\/wp-json\/wp\/v2\/types\/product"}],"replies":[{"embeddable":true,"href":"https:\/\/coolstyle.ch\/en\/wp-json\/wp\/v2\/comments?post=17618"}],"wp:featuredmedia":[{"embeddable":true,"href":"https:\/\/coolstyle.ch\/en\/wp-json\/wp\/v2\/media\/14998"}],"wp:attachment":[{"href":"https:\/\/coolstyle.ch\/en\/wp-json\/wp\/v2\/media?parent=17618"}],"wp:term":[{"taxonomy":"product_brand","embeddable":true,"href":"https:\/\/coolstyle.ch\/en\/wp-json\/wp\/v2\/product_brand?post=17618"},{"taxonomy":"product_cat","embeddable":true,"href":"https:\/\/coolstyle.ch\/en\/wp-json\/wp\/v2\/product_cat?post=17618"},{"taxonomy":"product_tag","embeddable":true,"href":"https:\/\/coolstyle.ch\/en\/wp-json\/wp\/v2\/product_tag?post=17618"}],"curies":[{"name":"wp","href":"https:\/\/api.w.org\/{rel}","templated":true}]}}